{"id":26,"date":"2023-05-29T02:18:17","date_gmt":"2023-05-29T06:18:17","guid":{"rendered":"https:\/\/mavylin.com\/?post_type=product&#038;p=26"},"modified":"2025-04-25T22:52:55","modified_gmt":"2025-04-26T02:52:55","slug":"3d-gloss-kit","status":"publish","type":"product","link":"https:\/\/mavylin.com\/es\/producto\/3d-gloss-kit\/","title":{"rendered":"3D Gloss Kit"},"content":{"rendered":"<ul class=\"a-unordered-list a-vertical a-spacing-mini\">\n<li class=\"a-spacing-small\"><span class=\"a-list-item\">F\u00d3RMULA RICA EN VITAMINAS PARA TRATAR R\u00c1PIDAMENTE EL CABELLO SECO, ENCRESPADO O DA\u00d1ADO: Nuestra f\u00f3rmula premium contiene vitamina B6 ultra-enriquecedora y pantenol para deshacerse de las puntas abiertas y el cabello encrespado en unos simples pasos. Funciona para agregar brillo intenso y brillo al cabello da\u00f1ado o agregar volumen y vitalidad al cabello muy fino.<\/span><\/li>\n<li class=\"a-spacing-small\"><span class=\"a-list-item\">OBTENGA UN CABELLO M\u00c1S SUAVE Y BRILLANTE DESPU\u00c9S DE UN SOLO USO: \u00a1El cabello se siente m\u00e1s suave y saludable despu\u00e9s del primer tratamiento! Mavylin BTX Hair Toner funciona para suavizar las cut\u00edculas del cabello de manera experta. Sea cautivador y agregue confianza adicional antes de un gran evento o un d\u00eda especial con mechas deliciosamente perfumadas y deliciosas.<\/span><\/li>\n<li class=\"a-spacing-small\"><span class=\"a-list-item\">EFECTIVO PARA TODO TIPO DE CABELLO CON RESULTADOS IMPRESIONANTES: Nuestro tratamiento capilar ecol\u00f3gico para cabello seco y da\u00f1ado es adecuado para cabello liso, cabello rizado y cabello natural. Nuestro botox premium para el cabello tambi\u00e9n es seguro para el cabello procesado o te\u00f1ido, por lo que no importa cu\u00e1les sean sus necesidades, repare el da\u00f1o con un producto de alta calidad.<\/span><\/li>\n<li class=\"a-spacing-small\"><span class=\"a-list-item\">M\u00c1S SEGURO QUE LOS TRATAMIENTOS DE QUERATINA: Crema alisadora de cabello segura y suave; Sin formaldeh\u00eddo, amon\u00edaco, ftalatos, parabenos u otros productos qu\u00edmicos nocivos. Nutre tus hilos mientras obtienes magn\u00edficos resultados. La mascarilla para el cabello con acondicionamiento profundo de Maylin contiene ingredientes suaves que son seguros para el uso peri\u00f3dico para que siempre puedas tener un cabello sedoso y lujoso.<\/span><\/li>\n<\/ul>\n<p><img data-recalc-dims=\"1\" fetchpriority=\"high\" decoding=\"async\" class=\"aligncenter wp-image-1790 size-full\" src=\"https:\/\/i0.wp.com\/mavylin.com\/wp-content\/uploads\/2023\/12\/3dgloss-2.jpg?resize=970%2C300&#038;ssl=1\" alt=\"\" width=\"970\" height=\"300\" srcset=\"https:\/\/i0.wp.com\/mavylin.com\/wp-content\/uploads\/2023\/12\/3dgloss-2.jpg?w=970&amp;ssl=1 970w, https:\/\/i0.wp.com\/mavylin.com\/wp-content\/uploads\/2023\/12\/3dgloss-2.jpg?resize=300%2C93&amp;ssl=1 300w, https:\/\/i0.wp.com\/mavylin.com\/wp-content\/uploads\/2023\/12\/3dgloss-2.jpg?resize=768%2C238&amp;ssl=1 768w, https:\/\/i0.wp.com\/mavylin.com\/wp-content\/uploads\/2023\/12\/3dgloss-2.jpg?resize=18%2C6&amp;ssl=1 18w, https:\/\/i0.wp.com\/mavylin.com\/wp-content\/uploads\/2023\/12\/3dgloss-2.jpg?resize=600%2C186&amp;ssl=1 600w\" sizes=\"(max-width: 970px) 100vw, 970px\" \/><\/p>\n<p><img data-recalc-dims=\"1\" decoding=\"async\" class=\"aligncenter wp-image-1789 size-full\" src=\"https:\/\/i0.wp.com\/mavylin.com\/wp-content\/uploads\/2023\/12\/3d-gloss-3.jpg?resize=970%2C300&#038;ssl=1\" alt=\"\" width=\"970\" height=\"300\" srcset=\"https:\/\/i0.wp.com\/mavylin.com\/wp-content\/uploads\/2023\/12\/3d-gloss-3.jpg?w=970&amp;ssl=1 970w, https:\/\/i0.wp.com\/mavylin.com\/wp-content\/uploads\/2023\/12\/3d-gloss-3.jpg?resize=300%2C93&amp;ssl=1 300w, https:\/\/i0.wp.com\/mavylin.com\/wp-content\/uploads\/2023\/12\/3d-gloss-3.jpg?resize=768%2C238&amp;ssl=1 768w, https:\/\/i0.wp.com\/mavylin.com\/wp-content\/uploads\/2023\/12\/3d-gloss-3.jpg?resize=18%2C6&amp;ssl=1 18w, https:\/\/i0.wp.com\/mavylin.com\/wp-content\/uploads\/2023\/12\/3d-gloss-3.jpg?resize=600%2C186&amp;ssl=1 600w\" sizes=\"(max-width: 970px) 100vw, 970px\" \/><\/p>\n<p><img data-recalc-dims=\"1\" decoding=\"async\" class=\"aligncenter wp-image-1791 size-full\" src=\"https:\/\/i0.wp.com\/mavylin.com\/wp-content\/uploads\/2023\/12\/antesdespues.jpg?resize=970%2C600&#038;ssl=1\" alt=\"mavylin 3d gloss before after ampollas capilares\" width=\"970\" height=\"600\" srcset=\"https:\/\/i0.wp.com\/mavylin.com\/wp-content\/uploads\/2023\/12\/antesdespues.jpg?w=970&amp;ssl=1 970w, https:\/\/i0.wp.com\/mavylin.com\/wp-content\/uploads\/2023\/12\/antesdespues.jpg?resize=300%2C186&amp;ssl=1 300w, https:\/\/i0.wp.com\/mavylin.com\/wp-content\/uploads\/2023\/12\/antesdespues.jpg?resize=768%2C475&amp;ssl=1 768w, https:\/\/i0.wp.com\/mavylin.com\/wp-content\/uploads\/2023\/12\/antesdespues.jpg?resize=18%2C12&amp;ssl=1 18w, https:\/\/i0.wp.com\/mavylin.com\/wp-content\/uploads\/2023\/12\/antesdespues.jpg?resize=600%2C371&amp;ssl=1 600w\" sizes=\"(max-width: 970px) 100vw, 970px\" \/><\/p>\n<p><img data-recalc-dims=\"1\" loading=\"lazy\" decoding=\"async\" class=\"aligncenter wp-image-1793 size-full\" src=\"https:\/\/i0.wp.com\/mavylin.com\/wp-content\/uploads\/2023\/12\/befire-aftrer-2.jpg?resize=970%2C600&#038;ssl=1\" alt=\"mavylin hair botox 3d gloss ampollas capilares\" width=\"970\" height=\"600\" srcset=\"https:\/\/i0.wp.com\/mavylin.com\/wp-content\/uploads\/2023\/12\/befire-aftrer-2.jpg?w=970&amp;ssl=1 970w, https:\/\/i0.wp.com\/mavylin.com\/wp-content\/uploads\/2023\/12\/befire-aftrer-2.jpg?resize=300%2C186&amp;ssl=1 300w, https:\/\/i0.wp.com\/mavylin.com\/wp-content\/uploads\/2023\/12\/befire-aftrer-2.jpg?resize=768%2C475&amp;ssl=1 768w, https:\/\/i0.wp.com\/mavylin.com\/wp-content\/uploads\/2023\/12\/befire-aftrer-2.jpg?resize=18%2C12&amp;ssl=1 18w, https:\/\/i0.wp.com\/mavylin.com\/wp-content\/uploads\/2023\/12\/befire-aftrer-2.jpg?resize=600%2C371&amp;ssl=1 600w\" sizes=\"(max-width: 970px) 100vw, 970px\" \/><\/p>\n<p>&nbsp;<\/p>","protected":false},"excerpt":{"rendered":"<pre id=\"title\" class=\"a-size-large a-spacing-none\"><span id=\"productTitle\" class=\"a-size-large product-title-word-break\">Mavylin 3D GLOSS Kit Hair BTX Ampoules Repair Treatment for Dry or Damaged Hair - for a Healthy and Super Shiny Hair - Formaldehyde Free - B6 B5 Panthenol<\/span><\/pre>","protected":false},"featured_media":27,"comment_status":"open","ping_status":"closed","template":"","meta":[],"product_brand":[],"product_cat":[16],"product_tag":[],"class_list":{"0":"post-26","1":"product","2":"type-product","3":"status-publish","4":"has-post-thumbnail","6":"product_cat-hair-care","8":"first","9":"instock","10":"sale","11":"featured","12":"taxable","13":"shipping-taxable","14":"purchasable","15":"product-type-simple"},"yoast_head":"<!-- This site is optimized with the Yoast SEO plugin v27.5 - https:\/\/yoast.com\/product\/yoast-seo-wordpress\/ -->\n<title>Best 3D Gloss Kit | Mavylin<\/title>\n<meta name=\"description\" content=\"Achieve stunning, glossy hair with Mavylin&#039;s Best 3D Gloss Kit. Includes 3 ampoules and a thermal cap for professional-level shine and smoothness.\" \/>\n<meta name=\"robots\" content=\"index, follow, max-snippet:-1, max-image-preview:large, max-video-preview:-1\" \/>\n<link rel=\"canonical\" href=\"https:\/\/mavylin.com\/es\/producto\/3d-gloss-kit\/\" \/>\n<meta property=\"og:locale\" content=\"es_ES\" \/>\n<meta property=\"og:type\" content=\"article\" \/>\n<meta property=\"og:title\" content=\"Best 3D Gloss Kit | Mavylin\" \/>\n<meta property=\"og:description\" content=\"Achieve stunning, glossy hair with Mavylin&#039;s Best 3D Gloss Kit. Includes 3 ampoules and a thermal cap for professional-level shine and smoothness.\" \/>\n<meta property=\"og:url\" content=\"https:\/\/mavylin.com\/es\/producto\/3d-gloss-kit\/\" \/>\n<meta property=\"og:site_name\" content=\"Superior Hair Products | Hair Care | Mavylin\" \/>\n<meta property=\"article:modified_time\" content=\"2025-04-26T02:52:55+00:00\" \/>\n<meta property=\"og:image\" content=\"https:\/\/mavylin.com\/wp-content\/uploads\/2023\/05\/1-ampoule-cap-shampoo.jpg\" \/>\n\t<meta property=\"og:image:width\" content=\"2000\" \/>\n\t<meta property=\"og:image:height\" content=\"2000\" \/>\n\t<meta property=\"og:image:type\" content=\"image\/jpeg\" \/>\n<meta name=\"twitter:card\" content=\"summary_large_image\" \/>\n<meta name=\"twitter:label1\" content=\"Tiempo de lectura\" \/>\n\t<meta name=\"twitter:data1\" content=\"2 minutos\" \/>\n<script type=\"application\/ld+json\" class=\"yoast-schema-graph\">{\"@context\":\"https:\\\/\\\/schema.org\",\"@graph\":[{\"@type\":\"WebPage\",\"@id\":\"https:\\\/\\\/mavylin.com\\\/product\\\/3d-gloss-kit\\\/\",\"url\":\"https:\\\/\\\/mavylin.com\\\/product\\\/3d-gloss-kit\\\/\",\"name\":\"Best 3D Gloss Kit | Mavylin\",\"isPartOf\":{\"@id\":\"https:\\\/\\\/mavylin.com\\\/es\\\/#website\"},\"primaryImageOfPage\":{\"@id\":\"https:\\\/\\\/mavylin.com\\\/product\\\/3d-gloss-kit\\\/#primaryimage\"},\"image\":{\"@id\":\"https:\\\/\\\/mavylin.com\\\/product\\\/3d-gloss-kit\\\/#primaryimage\"},\"thumbnailUrl\":\"https:\\\/\\\/i0.wp.com\\\/mavylin.com\\\/wp-content\\\/uploads\\\/2023\\\/05\\\/1-ampoule-cap-shampoo.jpg?fit=2000%2C2000&ssl=1\",\"datePublished\":\"2023-05-29T06:18:17+00:00\",\"dateModified\":\"2025-04-26T02:52:55+00:00\",\"description\":\"Achieve stunning, glossy hair with Mavylin's Best 3D Gloss Kit. Includes 3 ampoules and a thermal cap for professional-level shine and smoothness.\",\"breadcrumb\":{\"@id\":\"https:\\\/\\\/mavylin.com\\\/product\\\/3d-gloss-kit\\\/#breadcrumb\"},\"inLanguage\":\"es\",\"potentialAction\":[{\"@type\":\"ReadAction\",\"target\":[\"https:\\\/\\\/mavylin.com\\\/product\\\/3d-gloss-kit\\\/\"]}]},{\"@type\":\"ImageObject\",\"inLanguage\":\"es\",\"@id\":\"https:\\\/\\\/mavylin.com\\\/product\\\/3d-gloss-kit\\\/#primaryimage\",\"url\":\"https:\\\/\\\/i0.wp.com\\\/mavylin.com\\\/wp-content\\\/uploads\\\/2023\\\/05\\\/1-ampoule-cap-shampoo.jpg?fit=2000%2C2000&ssl=1\",\"contentUrl\":\"https:\\\/\\\/i0.wp.com\\\/mavylin.com\\\/wp-content\\\/uploads\\\/2023\\\/05\\\/1-ampoule-cap-shampoo.jpg?fit=2000%2C2000&ssl=1\",\"width\":2000,\"height\":2000,\"caption\":\"hair botox\"},{\"@type\":\"BreadcrumbList\",\"@id\":\"https:\\\/\\\/mavylin.com\\\/product\\\/3d-gloss-kit\\\/#breadcrumb\",\"itemListElement\":[{\"@type\":\"ListItem\",\"position\":1,\"name\":\"Home\",\"item\":\"https:\\\/\\\/mavylin.com\\\/\"},{\"@type\":\"ListItem\",\"position\":2,\"name\":\"Products\",\"item\":\"https:\\\/\\\/mavylin.com\\\/products\\\/\"},{\"@type\":\"ListItem\",\"position\":3,\"name\":\"3D Gloss Kit\"}]},{\"@type\":\"WebSite\",\"@id\":\"https:\\\/\\\/mavylin.com\\\/es\\\/#website\",\"url\":\"https:\\\/\\\/mavylin.com\\\/es\\\/\",\"name\":\"Superior Hair Products | Hair Care | Mavylin\",\"description\":\"Top-quality hair brand with unique products professionally created to nourish the hair and provide positive, lasting effects.\",\"publisher\":{\"@id\":\"https:\\\/\\\/mavylin.com\\\/es\\\/#organization\"},\"potentialAction\":[{\"@type\":\"SearchAction\",\"target\":{\"@type\":\"EntryPoint\",\"urlTemplate\":\"https:\\\/\\\/mavylin.com\\\/es\\\/?s={search_term_string}\"},\"query-input\":{\"@type\":\"PropertyValueSpecification\",\"valueRequired\":true,\"valueName\":\"search_term_string\"}}],\"inLanguage\":\"es\"},{\"@type\":\"Organization\",\"@id\":\"https:\\\/\\\/mavylin.com\\\/es\\\/#organization\",\"name\":\"Superior Hair Products | Hair Care | Mavylin\",\"url\":\"https:\\\/\\\/mavylin.com\\\/es\\\/\",\"logo\":{\"@type\":\"ImageObject\",\"inLanguage\":\"es\",\"@id\":\"https:\\\/\\\/mavylin.com\\\/es\\\/#\\\/schema\\\/logo\\\/image\\\/\",\"url\":\"https:\\\/\\\/i0.wp.com\\\/mavylin.com\\\/wp-content\\\/uploads\\\/2023\\\/05\\\/Logo-mavylin.png?fit=600%2C490&ssl=1\",\"contentUrl\":\"https:\\\/\\\/i0.wp.com\\\/mavylin.com\\\/wp-content\\\/uploads\\\/2023\\\/05\\\/Logo-mavylin.png?fit=600%2C490&ssl=1\",\"width\":600,\"height\":490,\"caption\":\"Superior Hair Products | Hair Care | Mavylin\"},\"image\":{\"@id\":\"https:\\\/\\\/mavylin.com\\\/es\\\/#\\\/schema\\\/logo\\\/image\\\/\"}}]}<\/script>\n<!-- \/ Yoast SEO plugin. -->","yoast_head_json":{"title":"Best 3D Gloss Kit | Mavylin","description":"Achieve stunning, glossy hair with Mavylin's Best 3D Gloss Kit. Includes 3 ampoules and a thermal cap for professional-level shine and smoothness.","robots":{"index":"index","follow":"follow","max-snippet":"max-snippet:-1","max-image-preview":"max-image-preview:large","max-video-preview":"max-video-preview:-1"},"canonical":"https:\/\/mavylin.com\/es\/producto\/3d-gloss-kit\/","og_locale":"es_ES","og_type":"article","og_title":"Best 3D Gloss Kit | Mavylin","og_description":"Achieve stunning, glossy hair with Mavylin's Best 3D Gloss Kit. Includes 3 ampoules and a thermal cap for professional-level shine and smoothness.","og_url":"https:\/\/mavylin.com\/es\/producto\/3d-gloss-kit\/","og_site_name":"Superior Hair Products | Hair Care | Mavylin","article_modified_time":"2025-04-26T02:52:55+00:00","og_image":[{"width":2000,"height":2000,"url":"https:\/\/mavylin.com\/wp-content\/uploads\/2023\/05\/1-ampoule-cap-shampoo.jpg","type":"image\/jpeg"}],"twitter_card":"summary_large_image","twitter_misc":{"Tiempo de lectura":"2 minutos"},"schema":{"@context":"https:\/\/schema.org","@graph":[{"@type":"WebPage","@id":"https:\/\/mavylin.com\/product\/3d-gloss-kit\/","url":"https:\/\/mavylin.com\/product\/3d-gloss-kit\/","name":"Best 3D Gloss Kit | Mavylin","isPartOf":{"@id":"https:\/\/mavylin.com\/es\/#website"},"primaryImageOfPage":{"@id":"https:\/\/mavylin.com\/product\/3d-gloss-kit\/#primaryimage"},"image":{"@id":"https:\/\/mavylin.com\/product\/3d-gloss-kit\/#primaryimage"},"thumbnailUrl":"https:\/\/i0.wp.com\/mavylin.com\/wp-content\/uploads\/2023\/05\/1-ampoule-cap-shampoo.jpg?fit=2000%2C2000&ssl=1","datePublished":"2023-05-29T06:18:17+00:00","dateModified":"2025-04-26T02:52:55+00:00","description":"Achieve stunning, glossy hair with Mavylin's Best 3D Gloss Kit. Includes 3 ampoules and a thermal cap for professional-level shine and smoothness.","breadcrumb":{"@id":"https:\/\/mavylin.com\/product\/3d-gloss-kit\/#breadcrumb"},"inLanguage":"es","potentialAction":[{"@type":"ReadAction","target":["https:\/\/mavylin.com\/product\/3d-gloss-kit\/"]}]},{"@type":"ImageObject","inLanguage":"es","@id":"https:\/\/mavylin.com\/product\/3d-gloss-kit\/#primaryimage","url":"https:\/\/i0.wp.com\/mavylin.com\/wp-content\/uploads\/2023\/05\/1-ampoule-cap-shampoo.jpg?fit=2000%2C2000&ssl=1","contentUrl":"https:\/\/i0.wp.com\/mavylin.com\/wp-content\/uploads\/2023\/05\/1-ampoule-cap-shampoo.jpg?fit=2000%2C2000&ssl=1","width":2000,"height":2000,"caption":"hair botox"},{"@type":"BreadcrumbList","@id":"https:\/\/mavylin.com\/product\/3d-gloss-kit\/#breadcrumb","itemListElement":[{"@type":"ListItem","position":1,"name":"Home","item":"https:\/\/mavylin.com\/"},{"@type":"ListItem","position":2,"name":"Products","item":"https:\/\/mavylin.com\/products\/"},{"@type":"ListItem","position":3,"name":"3D Gloss Kit"}]},{"@type":"WebSite","@id":"https:\/\/mavylin.com\/es\/#website","url":"https:\/\/mavylin.com\/es\/","name":"Superior Hair Products | Hair Care | Mavylin","description":"Top-quality hair brand with unique products professionally created to nourish the hair and provide positive, lasting effects.","publisher":{"@id":"https:\/\/mavylin.com\/es\/#organization"},"potentialAction":[{"@type":"SearchAction","target":{"@type":"EntryPoint","urlTemplate":"https:\/\/mavylin.com\/es\/?s={search_term_string}"},"query-input":{"@type":"PropertyValueSpecification","valueRequired":true,"valueName":"search_term_string"}}],"inLanguage":"es"},{"@type":"Organization","@id":"https:\/\/mavylin.com\/es\/#organization","name":"Superior Hair Products | Hair Care | Mavylin","url":"https:\/\/mavylin.com\/es\/","logo":{"@type":"ImageObject","inLanguage":"es","@id":"https:\/\/mavylin.com\/es\/#\/schema\/logo\/image\/","url":"https:\/\/i0.wp.com\/mavylin.com\/wp-content\/uploads\/2023\/05\/Logo-mavylin.png?fit=600%2C490&ssl=1","contentUrl":"https:\/\/i0.wp.com\/mavylin.com\/wp-content\/uploads\/2023\/05\/Logo-mavylin.png?fit=600%2C490&ssl=1","width":600,"height":490,"caption":"Superior Hair Products | Hair Care | Mavylin"},"image":{"@id":"https:\/\/mavylin.com\/es\/#\/schema\/logo\/image\/"}}]}},"jetpack_sharing_enabled":true,"_links":{"self":[{"href":"https:\/\/mavylin.com\/es\/wp-json\/wp\/v2\/product\/26","targetHints":{"allow":["GET"]}}],"collection":[{"href":"https:\/\/mavylin.com\/es\/wp-json\/wp\/v2\/product"}],"about":[{"href":"https:\/\/mavylin.com\/es\/wp-json\/wp\/v2\/types\/product"}],"replies":[{"embeddable":true,"href":"https:\/\/mavylin.com\/es\/wp-json\/wp\/v2\/comments?post=26"}],"wp:featuredmedia":[{"embeddable":true,"href":"https:\/\/mavylin.com\/es\/wp-json\/wp\/v2\/media\/27"}],"wp:attachment":[{"href":"https:\/\/mavylin.com\/es\/wp-json\/wp\/v2\/media?parent=26"}],"wp:term":[{"taxonomy":"product_brand","embeddable":true,"href":"https:\/\/mavylin.com\/es\/wp-json\/wp\/v2\/product_brand?post=26"},{"taxonomy":"product_cat","embeddable":true,"href":"https:\/\/mavylin.com\/es\/wp-json\/wp\/v2\/product_cat?post=26"},{"taxonomy":"product_tag","embeddable":true,"href":"https:\/\/mavylin.com\/es\/wp-json\/wp\/v2\/product_tag?post=26"}],"curies":[{"name":"wp","href":"https:\/\/api.w.org\/{rel}","templated":true}]}}