{"id":1543,"date":"2023-06-04T16:41:17","date_gmt":"2023-06-04T20:41:17","guid":{"rendered":"https:\/\/mavylin.com\/?post_type=product&#038;p=1543"},"modified":"2024-09-23T19:42:54","modified_gmt":"2024-09-23T23:42:54","slug":"hair-btx-thermal-mask-by-mavylin","status":"publish","type":"product","link":"https:\/\/mavylin.com\/es\/producto\/hair-btx-thermal-mask-by-mavylin\/","title":{"rendered":"Hair BTX Thermal Mask by Mavylin"},"content":{"rendered":"<p>MAVYLIN TRATAMIENTO RESTAURADOR PARA CABELLO DA\u00d1ADO. Este innovador tratamiento puede hacer retroceder el tiempo y devolverle la juventud y la belleza a tu cabello. Todo el mundo quiere un efecto inmediato, pero no todos los servicios para el cabello pueden presumir de tales resultados. Mavylin Hair BTX, sin embargo, es uno de los que pueden. La tendencia por la naturalidad y el autocuidado est\u00e1 cobrando fuerza. Mavylin Hair BTX vendr\u00e1 al rescate para rejuvenecer tu cabello, haci\u00e9ndolo denso y brillante. Al mismo tiempo, se volver\u00e1n naturalmente suave.<\/p>\n<p>F\u00d3RMULA \u00daNICA LLENA DE ACEITES NUTRITIVOS Y VITAMINAS, QUE MEJORAN CUALITATIVAMENTE EL EFECTO DE LOS PRINCIPIOS ACTIVOS SOBRE EL CABELLO APAGADO Y SIN VIDA. Las hebras debilitadas y cansadas piden misericordia. La calidad del cabello mejora, el cabello seco se vuelve sedoso y el cabello lacio se espesa. Debido al engrosamiento del tallo del cabello, el volumen total del cabello aumenta. Mavylin Hair BTX afecta los fol\u00edculos pilosos inactivos. El cabello seco y quebradizo gana fuerza, suavidad y brillo. Tu cabello lucir\u00e1 como solo el cabello natural puede.<\/p>\n<p>LA F\u00d3RMULA DE NUESTRO BTX CAPILAR EST\u00c1 TAN INGENIOSAMENTE DISE\u00d1ADA QUE CADA ELEMENTO REACCIONA CON LOS DEM\u00c1S PARA PRODUCIR EN CONJUNTO UN EFECTO IMPRESIONANTE. Esto no es solo para la apariencia externa de las hebras sino tambi\u00e9n para mantener el cabello en perfectas condiciones. Gracias a los componentes del tratamiento capaces de penetrar profundamente en la estructura a nivel molecular, es posible restaurar el cabello desde el interior. La combinaci\u00f3n correcta de aceites resuelve todos los problemas del cabello.<\/p>\n<p>LOS INGREDIENTES SON LOS PRIMEROS POR SU CAPACIDAD PARA PENETRAR EN EL TEJIDO DEL PELO. Los aceites pasan f\u00e1cilmente a trav\u00e9s del espacio intercelular, penetrando hasta el n\u00facleo del cabello. El aceite de romero contiene mirceno, un poderoso antioxidante que ralentiza el proceso de envejecimiento del cabello. La vitamina E es la principal vitamina responsable de la belleza; mejora la calidad del cabello.<\/p>\n<p><strong>Como Usar<\/strong><\/p>\n<p>1. Lava tu cabello con champ\u00fa para que quede limpio y libre de grasa. No use acondicionador. Secar con toalla despu\u00e9s.<\/p>\n<p>2. Aplica la Mavylin Hair BTX sobre el cabello como si estuvieras aplicando un tinte, mech\u00f3n por mech\u00f3n con una brocha. Es importante que todo tu cabello est\u00e9 saturado con el producto.<\/p>\n<p>3. Deja actuar 20 minutos en el cabello con un gorro t\u00e9rmico y aplica calor sobre el gorro con el secador durante los primeros 10 minutos.<\/p>\n<p>4. Enjuaga tu cabello con agua fr\u00eda, dejando la mitad del producto en tu cabello para seguir hidratando. A tu cabello todav\u00eda le debe quedar algo de deslizamiento.<\/p>\n<p>5. Seca tu cabello completamente con un secador y un cepillo redondo.. Recomendamos luego planchar para ayudar a sellar el producto en las cut\u00edculas para efectos m\u00e1s duraderos. Configura la plancha a 400 \u2109-420 \u2109 (200 -215 Celsius) y p\u00e1sala por el cabello de 8 a 10 veces. Cuidado: Si se usas en cabello fino o te\u00f1ido, baja la temperatura a 320\u00b0F-355\u00b0F (160-180 Celsius).<\/p>\n<p>No uses productos para el cuidado del cabello que contengan sulfatos (champ\u00fas, acondicionadores, mascarillas para el cabello, etc.) despu\u00e9s de aplicar Mavylin Hair BTX para efectos m\u00e1s duraderos. Los sulfatos eliminan la humedad del cabello.<\/p>","protected":false},"excerpt":{"rendered":"<pre>Super Shiny Hair - Formaldehyde-Free. <span id=\"productTitle\" class=\"a-size-large product-title-word-break\">Repairs the Hair Elasticity and Flexibility, Softens, Moisturizers, Adds Shine 8 oz<\/span><\/pre>","protected":false},"featured_media":1621,"comment_status":"open","ping_status":"closed","template":"","meta":[],"product_brand":[],"product_cat":[16],"product_tag":[],"class_list":{"0":"post-1543","1":"product","2":"type-product","3":"status-publish","4":"has-post-thumbnail","6":"product_cat-hair-care","8":"first","9":"instock","10":"sale","11":"taxable","12":"shipping-taxable","13":"purchasable","14":"product-type-simple"},"yoast_head":"<!-- This site is optimized with the Yoast SEO plugin v27.4 - https:\/\/yoast.com\/product\/yoast-seo-wordpress\/ -->\n<title>Hair BTX Thermal Mask | Mavylin<\/title>\n<meta name=\"description\" content=\"Revitalize your hair with Mavylin&#039;s Hair BTX Thermal Mask. Achieve smooth, shiny, and rejuvenated locks with our premium thermal treatment.\" \/>\n<meta name=\"robots\" content=\"index, follow, max-snippet:-1, max-image-preview:large, max-video-preview:-1\" \/>\n<link rel=\"canonical\" href=\"https:\/\/mavylin.com\/es\/producto\/hair-btx-thermal-mask-by-mavylin\/\" \/>\n<meta property=\"og:locale\" content=\"es_ES\" \/>\n<meta property=\"og:type\" content=\"article\" \/>\n<meta property=\"og:title\" content=\"Hair BTX Thermal Mask | Mavylin\" \/>\n<meta property=\"og:description\" content=\"Revitalize your hair with Mavylin&#039;s Hair BTX Thermal Mask. Achieve smooth, shiny, and rejuvenated locks with our premium thermal treatment.\" \/>\n<meta property=\"og:url\" content=\"https:\/\/mavylin.com\/es\/producto\/hair-btx-thermal-mask-by-mavylin\/\" \/>\n<meta property=\"og:site_name\" content=\"Superior Hair Products | Hair Care | Mavylin\" \/>\n<meta property=\"article:modified_time\" content=\"2024-09-23T23:42:54+00:00\" \/>\n<meta property=\"og:image\" content=\"https:\/\/mavylin.com\/wp-content\/uploads\/2023\/06\/MocUp-sq-6-5-23.jpg\" \/>\n\t<meta property=\"og:image:width\" content=\"1462\" \/>\n\t<meta property=\"og:image:height\" content=\"1462\" \/>\n\t<meta property=\"og:image:type\" content=\"image\/jpeg\" \/>\n<meta name=\"twitter:card\" content=\"summary_large_image\" \/>\n<meta name=\"twitter:label1\" content=\"Tiempo de lectura\" \/>\n\t<meta name=\"twitter:data1\" content=\"3 minutos\" \/>\n<script type=\"application\/ld+json\" class=\"yoast-schema-graph\">{\"@context\":\"https:\\\/\\\/schema.org\",\"@graph\":[{\"@type\":\"WebPage\",\"@id\":\"https:\\\/\\\/mavylin.com\\\/product\\\/hair-btx-thermal-mask-by-mavylin\\\/\",\"url\":\"https:\\\/\\\/mavylin.com\\\/product\\\/hair-btx-thermal-mask-by-mavylin\\\/\",\"name\":\"Hair BTX Thermal Mask | Mavylin\",\"isPartOf\":{\"@id\":\"https:\\\/\\\/mavylin.com\\\/es\\\/#website\"},\"primaryImageOfPage\":{\"@id\":\"https:\\\/\\\/mavylin.com\\\/product\\\/hair-btx-thermal-mask-by-mavylin\\\/#primaryimage\"},\"image\":{\"@id\":\"https:\\\/\\\/mavylin.com\\\/product\\\/hair-btx-thermal-mask-by-mavylin\\\/#primaryimage\"},\"thumbnailUrl\":\"https:\\\/\\\/i0.wp.com\\\/mavylin.com\\\/wp-content\\\/uploads\\\/2023\\\/06\\\/MocUp-sq-6-5-23.jpg?fit=1462%2C1462&ssl=1\",\"datePublished\":\"2023-06-04T20:41:17+00:00\",\"dateModified\":\"2024-09-23T23:42:54+00:00\",\"description\":\"Revitalize your hair with Mavylin's Hair BTX Thermal Mask. Achieve smooth, shiny, and rejuvenated locks with our premium thermal treatment.\",\"breadcrumb\":{\"@id\":\"https:\\\/\\\/mavylin.com\\\/product\\\/hair-btx-thermal-mask-by-mavylin\\\/#breadcrumb\"},\"inLanguage\":\"es\",\"potentialAction\":[{\"@type\":\"ReadAction\",\"target\":[\"https:\\\/\\\/mavylin.com\\\/product\\\/hair-btx-thermal-mask-by-mavylin\\\/\"]}]},{\"@type\":\"ImageObject\",\"inLanguage\":\"es\",\"@id\":\"https:\\\/\\\/mavylin.com\\\/product\\\/hair-btx-thermal-mask-by-mavylin\\\/#primaryimage\",\"url\":\"https:\\\/\\\/i0.wp.com\\\/mavylin.com\\\/wp-content\\\/uploads\\\/2023\\\/06\\\/MocUp-sq-6-5-23.jpg?fit=1462%2C1462&ssl=1\",\"contentUrl\":\"https:\\\/\\\/i0.wp.com\\\/mavylin.com\\\/wp-content\\\/uploads\\\/2023\\\/06\\\/MocUp-sq-6-5-23.jpg?fit=1462%2C1462&ssl=1\",\"width\":1462,\"height\":1462,\"caption\":\"Mavylin Hair Botox\"},{\"@type\":\"BreadcrumbList\",\"@id\":\"https:\\\/\\\/mavylin.com\\\/product\\\/hair-btx-thermal-mask-by-mavylin\\\/#breadcrumb\",\"itemListElement\":[{\"@type\":\"ListItem\",\"position\":1,\"name\":\"Home\",\"item\":\"https:\\\/\\\/mavylin.com\\\/\"},{\"@type\":\"ListItem\",\"position\":2,\"name\":\"Products\",\"item\":\"https:\\\/\\\/mavylin.com\\\/products\\\/\"},{\"@type\":\"ListItem\",\"position\":3,\"name\":\"Hair BTX Thermal Mask by Mavylin\"}]},{\"@type\":\"WebSite\",\"@id\":\"https:\\\/\\\/mavylin.com\\\/es\\\/#website\",\"url\":\"https:\\\/\\\/mavylin.com\\\/es\\\/\",\"name\":\"Superior Hair Products | Hair Care | Mavylin\",\"description\":\"Top-quality hair brand with unique products professionally created to nourish the hair and provide positive, lasting effects.\",\"publisher\":{\"@id\":\"https:\\\/\\\/mavylin.com\\\/es\\\/#organization\"},\"potentialAction\":[{\"@type\":\"SearchAction\",\"target\":{\"@type\":\"EntryPoint\",\"urlTemplate\":\"https:\\\/\\\/mavylin.com\\\/es\\\/?s={search_term_string}\"},\"query-input\":{\"@type\":\"PropertyValueSpecification\",\"valueRequired\":true,\"valueName\":\"search_term_string\"}}],\"inLanguage\":\"es\"},{\"@type\":\"Organization\",\"@id\":\"https:\\\/\\\/mavylin.com\\\/es\\\/#organization\",\"name\":\"Superior Hair Products | Hair Care | Mavylin\",\"url\":\"https:\\\/\\\/mavylin.com\\\/es\\\/\",\"logo\":{\"@type\":\"ImageObject\",\"inLanguage\":\"es\",\"@id\":\"https:\\\/\\\/mavylin.com\\\/es\\\/#\\\/schema\\\/logo\\\/image\\\/\",\"url\":\"https:\\\/\\\/i0.wp.com\\\/mavylin.com\\\/wp-content\\\/uploads\\\/2023\\\/05\\\/Logo-mavylin.png?fit=600%2C490&ssl=1\",\"contentUrl\":\"https:\\\/\\\/i0.wp.com\\\/mavylin.com\\\/wp-content\\\/uploads\\\/2023\\\/05\\\/Logo-mavylin.png?fit=600%2C490&ssl=1\",\"width\":600,\"height\":490,\"caption\":\"Superior Hair Products | Hair Care | Mavylin\"},\"image\":{\"@id\":\"https:\\\/\\\/mavylin.com\\\/es\\\/#\\\/schema\\\/logo\\\/image\\\/\"}}]}<\/script>\n<!-- \/ Yoast SEO plugin. -->","yoast_head_json":{"title":"Hair BTX Thermal Mask | Mavylin","description":"Revitalize your hair with Mavylin's Hair BTX Thermal Mask. Achieve smooth, shiny, and rejuvenated locks with our premium thermal treatment.","robots":{"index":"index","follow":"follow","max-snippet":"max-snippet:-1","max-image-preview":"max-image-preview:large","max-video-preview":"max-video-preview:-1"},"canonical":"https:\/\/mavylin.com\/es\/producto\/hair-btx-thermal-mask-by-mavylin\/","og_locale":"es_ES","og_type":"article","og_title":"Hair BTX Thermal Mask | Mavylin","og_description":"Revitalize your hair with Mavylin's Hair BTX Thermal Mask. Achieve smooth, shiny, and rejuvenated locks with our premium thermal treatment.","og_url":"https:\/\/mavylin.com\/es\/producto\/hair-btx-thermal-mask-by-mavylin\/","og_site_name":"Superior Hair Products | Hair Care | Mavylin","article_modified_time":"2024-09-23T23:42:54+00:00","og_image":[{"width":1462,"height":1462,"url":"https:\/\/mavylin.com\/wp-content\/uploads\/2023\/06\/MocUp-sq-6-5-23.jpg","type":"image\/jpeg"}],"twitter_card":"summary_large_image","twitter_misc":{"Tiempo de lectura":"3 minutos"},"schema":{"@context":"https:\/\/schema.org","@graph":[{"@type":"WebPage","@id":"https:\/\/mavylin.com\/product\/hair-btx-thermal-mask-by-mavylin\/","url":"https:\/\/mavylin.com\/product\/hair-btx-thermal-mask-by-mavylin\/","name":"Hair BTX Thermal Mask | Mavylin","isPartOf":{"@id":"https:\/\/mavylin.com\/es\/#website"},"primaryImageOfPage":{"@id":"https:\/\/mavylin.com\/product\/hair-btx-thermal-mask-by-mavylin\/#primaryimage"},"image":{"@id":"https:\/\/mavylin.com\/product\/hair-btx-thermal-mask-by-mavylin\/#primaryimage"},"thumbnailUrl":"https:\/\/i0.wp.com\/mavylin.com\/wp-content\/uploads\/2023\/06\/MocUp-sq-6-5-23.jpg?fit=1462%2C1462&ssl=1","datePublished":"2023-06-04T20:41:17+00:00","dateModified":"2024-09-23T23:42:54+00:00","description":"Revitalize your hair with Mavylin's Hair BTX Thermal Mask. Achieve smooth, shiny, and rejuvenated locks with our premium thermal treatment.","breadcrumb":{"@id":"https:\/\/mavylin.com\/product\/hair-btx-thermal-mask-by-mavylin\/#breadcrumb"},"inLanguage":"es","potentialAction":[{"@type":"ReadAction","target":["https:\/\/mavylin.com\/product\/hair-btx-thermal-mask-by-mavylin\/"]}]},{"@type":"ImageObject","inLanguage":"es","@id":"https:\/\/mavylin.com\/product\/hair-btx-thermal-mask-by-mavylin\/#primaryimage","url":"https:\/\/i0.wp.com\/mavylin.com\/wp-content\/uploads\/2023\/06\/MocUp-sq-6-5-23.jpg?fit=1462%2C1462&ssl=1","contentUrl":"https:\/\/i0.wp.com\/mavylin.com\/wp-content\/uploads\/2023\/06\/MocUp-sq-6-5-23.jpg?fit=1462%2C1462&ssl=1","width":1462,"height":1462,"caption":"Mavylin Hair Botox"},{"@type":"BreadcrumbList","@id":"https:\/\/mavylin.com\/product\/hair-btx-thermal-mask-by-mavylin\/#breadcrumb","itemListElement":[{"@type":"ListItem","position":1,"name":"Home","item":"https:\/\/mavylin.com\/"},{"@type":"ListItem","position":2,"name":"Products","item":"https:\/\/mavylin.com\/products\/"},{"@type":"ListItem","position":3,"name":"Hair BTX Thermal Mask by Mavylin"}]},{"@type":"WebSite","@id":"https:\/\/mavylin.com\/es\/#website","url":"https:\/\/mavylin.com\/es\/","name":"Superior Hair Products | Hair Care | Mavylin","description":"Top-quality hair brand with unique products professionally created to nourish the hair and provide positive, lasting effects.","publisher":{"@id":"https:\/\/mavylin.com\/es\/#organization"},"potentialAction":[{"@type":"SearchAction","target":{"@type":"EntryPoint","urlTemplate":"https:\/\/mavylin.com\/es\/?s={search_term_string}"},"query-input":{"@type":"PropertyValueSpecification","valueRequired":true,"valueName":"search_term_string"}}],"inLanguage":"es"},{"@type":"Organization","@id":"https:\/\/mavylin.com\/es\/#organization","name":"Superior Hair Products | Hair Care | Mavylin","url":"https:\/\/mavylin.com\/es\/","logo":{"@type":"ImageObject","inLanguage":"es","@id":"https:\/\/mavylin.com\/es\/#\/schema\/logo\/image\/","url":"https:\/\/i0.wp.com\/mavylin.com\/wp-content\/uploads\/2023\/05\/Logo-mavylin.png?fit=600%2C490&ssl=1","contentUrl":"https:\/\/i0.wp.com\/mavylin.com\/wp-content\/uploads\/2023\/05\/Logo-mavylin.png?fit=600%2C490&ssl=1","width":600,"height":490,"caption":"Superior Hair Products | Hair Care | Mavylin"},"image":{"@id":"https:\/\/mavylin.com\/es\/#\/schema\/logo\/image\/"}}]}},"jetpack_sharing_enabled":true,"_links":{"self":[{"href":"https:\/\/mavylin.com\/es\/wp-json\/wp\/v2\/product\/1543","targetHints":{"allow":["GET"]}}],"collection":[{"href":"https:\/\/mavylin.com\/es\/wp-json\/wp\/v2\/product"}],"about":[{"href":"https:\/\/mavylin.com\/es\/wp-json\/wp\/v2\/types\/product"}],"replies":[{"embeddable":true,"href":"https:\/\/mavylin.com\/es\/wp-json\/wp\/v2\/comments?post=1543"}],"wp:featuredmedia":[{"embeddable":true,"href":"https:\/\/mavylin.com\/es\/wp-json\/wp\/v2\/media\/1621"}],"wp:attachment":[{"href":"https:\/\/mavylin.com\/es\/wp-json\/wp\/v2\/media?parent=1543"}],"wp:term":[{"taxonomy":"product_brand","embeddable":true,"href":"https:\/\/mavylin.com\/es\/wp-json\/wp\/v2\/product_brand?post=1543"},{"taxonomy":"product_cat","embeddable":true,"href":"https:\/\/mavylin.com\/es\/wp-json\/wp\/v2\/product_cat?post=1543"},{"taxonomy":"product_tag","embeddable":true,"href":"https:\/\/mavylin.com\/es\/wp-json\/wp\/v2\/product_tag?post=1543"}],"curies":[{"name":"wp","href":"https:\/\/api.w.org\/{rel}","templated":true}]}}