{"id":1102,"date":"2023-05-30T22:45:46","date_gmt":"2023-05-31T02:45:46","guid":{"rendered":"https:\/\/mavylin.com\/?post_type=product&#038;p=1102"},"modified":"2026-02-15T08:15:12","modified_gmt":"2026-02-15T13:15:12","slug":"shiny-curls-soft-cream-with-organic-flaxseed-gel-for-curly-hair","status":"publish","type":"product","link":"https:\/\/mavylin.com\/es\/producto\/shiny-curls-soft-cream-with-organic-flaxseed-gel-for-curly-hair\/","title":{"rendered":"Shiny Curls | Soft Cream With Organic Flaxseed Gel for Curly Hair"},"content":{"rendered":"<p>Nuestra Crema Suave de Linaza Org\u00e1nica suaviza, define e hidrata tu cabello sin la sensaci\u00f3n crujiente o escamosa, todo mientras alarga tus rizos. Hecho de semillas de lino org\u00e1nicas y libre de ftalatos, sulfatos, parabenos y formaldeh\u00eddo. Con una infusi\u00f3n de fragancia a base de flores naturales. Mavylin Shiny Curls es una crema para peinar de fijaci\u00f3n suave que controla el encrespamiento y los cabellos sueltos, brinda una definici\u00f3n extrema a tus rizos y espirales y hace que tu peinado dure m\u00e1s tiempo, sin resecar el cabello. Nuestro producto ha sido dise\u00f1ado para funcionar mejor con el cabello empapado, as\u00ed que apl\u00edcalo inmediatamente despu\u00e9s de tu rutina de lavado regular para retener la humedad del agua. Incluso puede guardarlo en la ducha para un lavado y uso ultrarr\u00e1pido y conveniente. MODO DE EMPLEO Paso 1 Frotar el producto entre las manos y aplicar sobre el cabello mojado con el m\u00e9todo \u201cmanos rezando\u201d, alisando de arriba a abajo. Paso 2 Da la vuelta a la cabeza y fr\u00f3tala suavemente con movimientos hacia arriba para que los rizos salten hacia atr\u00e1s y formen su patr\u00f3n. Paso 3 Secar al aire o difundir. Aseg\u00farate de girar la cabeza en todas las direcciones mientras secas para aumentar el volumen. No toque el cabello mientras se seca. Paso 4 Una vez que est\u00e9 completamente seco, fr\u00f3telo nuevamente para \"romper el yeso\", los geles de sensaci\u00f3n crujiente crean y hacen que su cabello sea s\u00faper suave y lleno de vitalidad.<\/p>\n<div style=\"width: 1280px;\" class=\"wp-video\"><video class=\"wp-video-shortcode\" id=\"video-1102-1\" width=\"1280\" height=\"720\" preload=\"metadata\" controls=\"controls\"><source type=\"video\/mp4\" src=\"https:\/\/mavylin.com\/wp-content\/uploads\/2023\/05\/Mavylin-Shiny-Curls-Soft-Cream-With-Organic-Flaxseed-Gel-for-Curly-Hair-Defines-Promotes-Hair-Grow.mp4?_=1\" \/><source type=\"video\/webm\" src=\"https:\/\/mavylin.com\/wp-content\/uploads\/2023\/05\/Mavylin-Shiny-Curls-Soft-Cream-With-Organic-Flaxseed-Gel-for-Curly-Hair-Defines-Promotes-Hair-Grow.webm?_=1\" \/><a href=\"https:\/\/mavylin.com\/wp-content\/uploads\/2023\/05\/Mavylin-Shiny-Curls-Soft-Cream-With-Organic-Flaxseed-Gel-for-Curly-Hair-Defines-Promotes-Hair-Grow.mp4\">https:\/\/mavylin.com\/wp-content\/uploads\/2023\/05\/Mavylin-Shiny-Curls-Soft-Cream-With-Organic-Flaxseed-Gel-for-Curly-Hair-Defines-Promotes-Hair-Grow.mp4<\/a><\/video><\/div>","protected":false},"excerpt":{"rendered":"<pre id=\"title\" class=\"a-size-large a-spacing-none\"><span id=\"productTitle\" class=\"a-size-large product-title-word-break\">Define y promueve el crecimiento del cabello | 8 fl oz<\/span><\/pre>","protected":false},"featured_media":1361,"comment_status":"open","ping_status":"closed","template":"","meta":[],"product_brand":[],"product_cat":[16],"product_tag":[],"class_list":{"0":"post-1102","1":"product","2":"type-product","3":"status-publish","4":"has-post-thumbnail","6":"product_cat-hair-care","8":"first","9":"instock","10":"sale","11":"taxable","12":"shipping-taxable","13":"purchasable","14":"product-type-variable"},"yoast_head":"<!-- This site is optimized with the Yoast SEO plugin v27.4 - https:\/\/yoast.com\/product\/yoast-seo-wordpress\/ -->\n<title>Shiny Curls | Soft Cream With Organic Flaxseed Gel for Curly Hair - Superior Hair Products | Hair Care | Mavylin<\/title>\n<meta name=\"robots\" content=\"index, follow, max-snippet:-1, max-image-preview:large, max-video-preview:-1\" \/>\n<link rel=\"canonical\" href=\"https:\/\/mavylin.com\/es\/producto\/shiny-curls-soft-cream-with-organic-flaxseed-gel-for-curly-hair\/\" \/>\n<meta property=\"og:locale\" content=\"es_ES\" \/>\n<meta property=\"og:type\" content=\"article\" \/>\n<meta property=\"og:title\" content=\"Shiny Curls | Soft Cream With Organic Flaxseed Gel for Curly Hair - Superior Hair Products | Hair Care | Mavylin\" \/>\n<meta property=\"og:description\" content=\"Defines &amp; Promotes Hair Growth | 8 fl oz\" \/>\n<meta property=\"og:url\" content=\"https:\/\/mavylin.com\/es\/producto\/shiny-curls-soft-cream-with-organic-flaxseed-gel-for-curly-hair\/\" \/>\n<meta property=\"og:site_name\" content=\"Superior Hair Products | Hair Care | Mavylin\" \/>\n<meta property=\"article:modified_time\" content=\"2026-02-15T13:15:12+00:00\" \/>\n<meta property=\"og:image\" content=\"https:\/\/mavylin.com\/wp-content\/uploads\/2023\/05\/MavylinFlaxseegelARGAN-SQ-MU.jpg\" \/>\n\t<meta property=\"og:image:width\" content=\"2052\" \/>\n\t<meta property=\"og:image:height\" content=\"2036\" \/>\n\t<meta property=\"og:image:type\" content=\"image\/jpeg\" \/>\n<meta name=\"twitter:card\" content=\"summary_large_image\" \/>\n<meta name=\"twitter:label1\" content=\"Tiempo de lectura\" \/>\n\t<meta name=\"twitter:data1\" content=\"1 minuto\" \/>\n<script type=\"application\/ld+json\" class=\"yoast-schema-graph\">{\"@context\":\"https:\\\/\\\/schema.org\",\"@graph\":[{\"@type\":\"WebPage\",\"@id\":\"https:\\\/\\\/mavylin.com\\\/product\\\/shiny-curls-soft-cream-with-organic-flaxseed-gel-for-curly-hair\\\/\",\"url\":\"https:\\\/\\\/mavylin.com\\\/product\\\/shiny-curls-soft-cream-with-organic-flaxseed-gel-for-curly-hair\\\/\",\"name\":\"Shiny Curls | Soft Cream With Organic Flaxseed Gel for Curly Hair - Superior Hair Products | Hair Care | Mavylin\",\"isPartOf\":{\"@id\":\"https:\\\/\\\/mavylin.com\\\/es\\\/#website\"},\"primaryImageOfPage\":{\"@id\":\"https:\\\/\\\/mavylin.com\\\/product\\\/shiny-curls-soft-cream-with-organic-flaxseed-gel-for-curly-hair\\\/#primaryimage\"},\"image\":{\"@id\":\"https:\\\/\\\/mavylin.com\\\/product\\\/shiny-curls-soft-cream-with-organic-flaxseed-gel-for-curly-hair\\\/#primaryimage\"},\"thumbnailUrl\":\"https:\\\/\\\/i0.wp.com\\\/mavylin.com\\\/wp-content\\\/uploads\\\/2023\\\/05\\\/MavylinFlaxseegelARGAN-SQ-MU.jpg?fit=2052%2C2036&ssl=1\",\"datePublished\":\"2023-05-31T02:45:46+00:00\",\"dateModified\":\"2026-02-15T13:15:12+00:00\",\"breadcrumb\":{\"@id\":\"https:\\\/\\\/mavylin.com\\\/product\\\/shiny-curls-soft-cream-with-organic-flaxseed-gel-for-curly-hair\\\/#breadcrumb\"},\"inLanguage\":\"es\",\"potentialAction\":[{\"@type\":\"ReadAction\",\"target\":[\"https:\\\/\\\/mavylin.com\\\/product\\\/shiny-curls-soft-cream-with-organic-flaxseed-gel-for-curly-hair\\\/\"]}]},{\"@type\":\"ImageObject\",\"inLanguage\":\"es\",\"@id\":\"https:\\\/\\\/mavylin.com\\\/product\\\/shiny-curls-soft-cream-with-organic-flaxseed-gel-for-curly-hair\\\/#primaryimage\",\"url\":\"https:\\\/\\\/i0.wp.com\\\/mavylin.com\\\/wp-content\\\/uploads\\\/2023\\\/05\\\/MavylinFlaxseegelARGAN-SQ-MU.jpg?fit=2052%2C2036&ssl=1\",\"contentUrl\":\"https:\\\/\\\/i0.wp.com\\\/mavylin.com\\\/wp-content\\\/uploads\\\/2023\\\/05\\\/MavylinFlaxseegelARGAN-SQ-MU.jpg?fit=2052%2C2036&ssl=1\",\"width\":2052,\"height\":2036},{\"@type\":\"BreadcrumbList\",\"@id\":\"https:\\\/\\\/mavylin.com\\\/product\\\/shiny-curls-soft-cream-with-organic-flaxseed-gel-for-curly-hair\\\/#breadcrumb\",\"itemListElement\":[{\"@type\":\"ListItem\",\"position\":1,\"name\":\"Home\",\"item\":\"https:\\\/\\\/mavylin.com\\\/\"},{\"@type\":\"ListItem\",\"position\":2,\"name\":\"Products\",\"item\":\"https:\\\/\\\/mavylin.com\\\/products\\\/\"},{\"@type\":\"ListItem\",\"position\":3,\"name\":\"Shiny Curls | Soft Cream With Organic Flaxseed Gel for Curly Hair\"}]},{\"@type\":\"WebSite\",\"@id\":\"https:\\\/\\\/mavylin.com\\\/es\\\/#website\",\"url\":\"https:\\\/\\\/mavylin.com\\\/es\\\/\",\"name\":\"Superior Hair Products | Hair Care | Mavylin\",\"description\":\"Top-quality hair brand with unique products professionally created to nourish the hair and provide positive, lasting effects.\",\"publisher\":{\"@id\":\"https:\\\/\\\/mavylin.com\\\/es\\\/#organization\"},\"potentialAction\":[{\"@type\":\"SearchAction\",\"target\":{\"@type\":\"EntryPoint\",\"urlTemplate\":\"https:\\\/\\\/mavylin.com\\\/es\\\/?s={search_term_string}\"},\"query-input\":{\"@type\":\"PropertyValueSpecification\",\"valueRequired\":true,\"valueName\":\"search_term_string\"}}],\"inLanguage\":\"es\"},{\"@type\":\"Organization\",\"@id\":\"https:\\\/\\\/mavylin.com\\\/es\\\/#organization\",\"name\":\"Superior Hair Products | Hair Care | Mavylin\",\"url\":\"https:\\\/\\\/mavylin.com\\\/es\\\/\",\"logo\":{\"@type\":\"ImageObject\",\"inLanguage\":\"es\",\"@id\":\"https:\\\/\\\/mavylin.com\\\/es\\\/#\\\/schema\\\/logo\\\/image\\\/\",\"url\":\"https:\\\/\\\/i0.wp.com\\\/mavylin.com\\\/wp-content\\\/uploads\\\/2023\\\/05\\\/Logo-mavylin.png?fit=600%2C490&ssl=1\",\"contentUrl\":\"https:\\\/\\\/i0.wp.com\\\/mavylin.com\\\/wp-content\\\/uploads\\\/2023\\\/05\\\/Logo-mavylin.png?fit=600%2C490&ssl=1\",\"width\":600,\"height\":490,\"caption\":\"Superior Hair Products | Hair Care | Mavylin\"},\"image\":{\"@id\":\"https:\\\/\\\/mavylin.com\\\/es\\\/#\\\/schema\\\/logo\\\/image\\\/\"}}]}<\/script>\n<!-- \/ Yoast SEO plugin. -->","yoast_head_json":{"title":"Shiny Curls | Soft Cream With Organic Flaxseed Gel for Curly Hair - Superior Hair Products | Hair Care | Mavylin","robots":{"index":"index","follow":"follow","max-snippet":"max-snippet:-1","max-image-preview":"max-image-preview:large","max-video-preview":"max-video-preview:-1"},"canonical":"https:\/\/mavylin.com\/es\/producto\/shiny-curls-soft-cream-with-organic-flaxseed-gel-for-curly-hair\/","og_locale":"es_ES","og_type":"article","og_title":"Shiny Curls | Soft Cream With Organic Flaxseed Gel for Curly Hair - Superior Hair Products | Hair Care | Mavylin","og_description":"Defines &amp; Promotes Hair Growth | 8 fl oz","og_url":"https:\/\/mavylin.com\/es\/producto\/shiny-curls-soft-cream-with-organic-flaxseed-gel-for-curly-hair\/","og_site_name":"Superior Hair Products | Hair Care | Mavylin","article_modified_time":"2026-02-15T13:15:12+00:00","og_image":[{"width":2052,"height":2036,"url":"https:\/\/mavylin.com\/wp-content\/uploads\/2023\/05\/MavylinFlaxseegelARGAN-SQ-MU.jpg","type":"image\/jpeg"}],"twitter_card":"summary_large_image","twitter_misc":{"Tiempo de lectura":"1 minuto"},"schema":{"@context":"https:\/\/schema.org","@graph":[{"@type":"WebPage","@id":"https:\/\/mavylin.com\/product\/shiny-curls-soft-cream-with-organic-flaxseed-gel-for-curly-hair\/","url":"https:\/\/mavylin.com\/product\/shiny-curls-soft-cream-with-organic-flaxseed-gel-for-curly-hair\/","name":"Shiny Curls | Soft Cream With Organic Flaxseed Gel for Curly Hair - Superior Hair Products | Hair Care | Mavylin","isPartOf":{"@id":"https:\/\/mavylin.com\/es\/#website"},"primaryImageOfPage":{"@id":"https:\/\/mavylin.com\/product\/shiny-curls-soft-cream-with-organic-flaxseed-gel-for-curly-hair\/#primaryimage"},"image":{"@id":"https:\/\/mavylin.com\/product\/shiny-curls-soft-cream-with-organic-flaxseed-gel-for-curly-hair\/#primaryimage"},"thumbnailUrl":"https:\/\/i0.wp.com\/mavylin.com\/wp-content\/uploads\/2023\/05\/MavylinFlaxseegelARGAN-SQ-MU.jpg?fit=2052%2C2036&ssl=1","datePublished":"2023-05-31T02:45:46+00:00","dateModified":"2026-02-15T13:15:12+00:00","breadcrumb":{"@id":"https:\/\/mavylin.com\/product\/shiny-curls-soft-cream-with-organic-flaxseed-gel-for-curly-hair\/#breadcrumb"},"inLanguage":"es","potentialAction":[{"@type":"ReadAction","target":["https:\/\/mavylin.com\/product\/shiny-curls-soft-cream-with-organic-flaxseed-gel-for-curly-hair\/"]}]},{"@type":"ImageObject","inLanguage":"es","@id":"https:\/\/mavylin.com\/product\/shiny-curls-soft-cream-with-organic-flaxseed-gel-for-curly-hair\/#primaryimage","url":"https:\/\/i0.wp.com\/mavylin.com\/wp-content\/uploads\/2023\/05\/MavylinFlaxseegelARGAN-SQ-MU.jpg?fit=2052%2C2036&ssl=1","contentUrl":"https:\/\/i0.wp.com\/mavylin.com\/wp-content\/uploads\/2023\/05\/MavylinFlaxseegelARGAN-SQ-MU.jpg?fit=2052%2C2036&ssl=1","width":2052,"height":2036},{"@type":"BreadcrumbList","@id":"https:\/\/mavylin.com\/product\/shiny-curls-soft-cream-with-organic-flaxseed-gel-for-curly-hair\/#breadcrumb","itemListElement":[{"@type":"ListItem","position":1,"name":"Home","item":"https:\/\/mavylin.com\/"},{"@type":"ListItem","position":2,"name":"Products","item":"https:\/\/mavylin.com\/products\/"},{"@type":"ListItem","position":3,"name":"Shiny Curls | Soft Cream With Organic Flaxseed Gel for Curly Hair"}]},{"@type":"WebSite","@id":"https:\/\/mavylin.com\/es\/#website","url":"https:\/\/mavylin.com\/es\/","name":"Superior Hair Products | Hair Care | Mavylin","description":"Top-quality hair brand with unique products professionally created to nourish the hair and provide positive, lasting effects.","publisher":{"@id":"https:\/\/mavylin.com\/es\/#organization"},"potentialAction":[{"@type":"SearchAction","target":{"@type":"EntryPoint","urlTemplate":"https:\/\/mavylin.com\/es\/?s={search_term_string}"},"query-input":{"@type":"PropertyValueSpecification","valueRequired":true,"valueName":"search_term_string"}}],"inLanguage":"es"},{"@type":"Organization","@id":"https:\/\/mavylin.com\/es\/#organization","name":"Superior Hair Products | Hair Care | Mavylin","url":"https:\/\/mavylin.com\/es\/","logo":{"@type":"ImageObject","inLanguage":"es","@id":"https:\/\/mavylin.com\/es\/#\/schema\/logo\/image\/","url":"https:\/\/i0.wp.com\/mavylin.com\/wp-content\/uploads\/2023\/05\/Logo-mavylin.png?fit=600%2C490&ssl=1","contentUrl":"https:\/\/i0.wp.com\/mavylin.com\/wp-content\/uploads\/2023\/05\/Logo-mavylin.png?fit=600%2C490&ssl=1","width":600,"height":490,"caption":"Superior Hair Products | Hair Care | Mavylin"},"image":{"@id":"https:\/\/mavylin.com\/es\/#\/schema\/logo\/image\/"}}]}},"jetpack_sharing_enabled":true,"_links":{"self":[{"href":"https:\/\/mavylin.com\/es\/wp-json\/wp\/v2\/product\/1102","targetHints":{"allow":["GET"]}}],"collection":[{"href":"https:\/\/mavylin.com\/es\/wp-json\/wp\/v2\/product"}],"about":[{"href":"https:\/\/mavylin.com\/es\/wp-json\/wp\/v2\/types\/product"}],"replies":[{"embeddable":true,"href":"https:\/\/mavylin.com\/es\/wp-json\/wp\/v2\/comments?post=1102"}],"wp:featuredmedia":[{"embeddable":true,"href":"https:\/\/mavylin.com\/es\/wp-json\/wp\/v2\/media\/1361"}],"wp:attachment":[{"href":"https:\/\/mavylin.com\/es\/wp-json\/wp\/v2\/media?parent=1102"}],"wp:term":[{"taxonomy":"product_brand","embeddable":true,"href":"https:\/\/mavylin.com\/es\/wp-json\/wp\/v2\/product_brand?post=1102"},{"taxonomy":"product_cat","embeddable":true,"href":"https:\/\/mavylin.com\/es\/wp-json\/wp\/v2\/product_cat?post=1102"},{"taxonomy":"product_tag","embeddable":true,"href":"https:\/\/mavylin.com\/es\/wp-json\/wp\/v2\/product_tag?post=1102"}],"curies":[{"name":"wp","href":"https:\/\/api.w.org\/{rel}","templated":true}]}}