{"id":1676,"date":"2023-06-08T00:00:32","date_gmt":"2023-06-08T04:00:32","guid":{"rendered":"https:\/\/mavylin.com\/?page_id=1676"},"modified":"2024-06-02T06:38:55","modified_gmt":"2024-06-02T10:38:55","slug":"revitalizing-hair-treatment-oil-mavylin","status":"publish","type":"page","link":"https:\/\/mavylin.com\/es\/revitalizing-hair-treatment-oil-mavylin\/","title":{"rendered":"MAS Revitalizing Hair Treatment Oil"},"content":{"rendered":"<div data-elementor-type=\"wp-page\" data-elementor-id=\"1676\" class=\"elementor elementor-1676\">\n\t\t\t\t\t\t<section class=\"elementor-section elementor-top-section elementor-element elementor-element-c551f59 elementor-section-boxed elementor-section-height-default elementor-section-height-default\" data-id=\"c551f59\" data-element_type=\"section\" data-e-type=\"section\">\n\t\t\t\t\t\t<div class=\"elementor-container elementor-column-gap-default\">\n\t\t\t\t\t<div class=\"elementor-column elementor-col-100 elementor-top-column elementor-element elementor-element-583f30d\" data-id=\"583f30d\" data-element_type=\"column\" data-e-type=\"column\">\n\t\t\t<div class=\"elementor-widget-wrap elementor-element-populated\">\n\t\t\t\t\t\t<div class=\"elementor-element elementor-element-a156eee elementor-widget elementor-widget-heading\" data-id=\"a156eee\" data-element_type=\"widget\" data-e-type=\"widget\" data-widget_type=\"heading.default\">\n\t\t\t\t<div class=\"elementor-widget-container\">\n\t\t\t\t\t<h4 class=\"elementor-heading-title elementor-size-default\">Mavylin Revitalizing Hair Treatment Oil<\/h4>\t\t\t\t<\/div>\n\t\t\t\t<\/div>\n\t\t\t\t\t<\/div>\n\t\t<\/div>\n\t\t\t\t\t<\/div>\n\t\t<\/section>\n\t\t\t\t<section class=\"elementor-section elementor-top-section elementor-element elementor-element-fe5cfc0 elementor-section-boxed elementor-section-height-default elementor-section-height-default\" data-id=\"fe5cfc0\" data-element_type=\"section\" data-e-type=\"section\">\n\t\t\t\t\t\t<div class=\"elementor-container elementor-column-gap-default\">\n\t\t\t\t\t<div class=\"elementor-column elementor-col-100 elementor-top-column elementor-element elementor-element-c30a49d\" data-id=\"c30a49d\" data-element_type=\"column\" data-e-type=\"column\">\n\t\t\t<div class=\"elementor-widget-wrap elementor-element-populated\">\n\t\t\t\t\t\t<div class=\"elementor-element elementor-element-9e00414 elementor-widget elementor-widget-text-editor\" data-id=\"9e00414\" data-element_type=\"widget\" data-e-type=\"widget\" data-widget_type=\"text-editor.default\">\n\t\t\t\t<div class=\"elementor-widget-container\">\n\t\t\t\t\t\t\t\t\t<h2>Description<\/h2><p><span class=\"a-text-bold\">Mavylin MAS Aceite de tratamiento capilar revitalizante\u00a0<\/span>es una mezcla innovadora de ingredientes de alto rendimiento que brinda acondicionamiento de la superficie del cabello da\u00f1ado, restaurando el estado hidrof\u00f3bico del cabello, reduciendo la rotura y facilitando los beneficios del peinado. Restaura el cabello seco, da\u00f1ado o encrespado. Obt\u00e9n un cabello suave y brillante despu\u00e9s de un solo uso. Eficaz para todo tipo de cabello, incluido el cabello tratado o te\u00f1ido. Ingredientes seguros sin productos qu\u00edmicos nocivos y lo suficientemente seguros para uso peri\u00f3dico para mantener tu cabello con un aspecto saludable y fuerte. Suavemente perfumado con notas florales y afrutadas. Libre de crueldad. Libre de colorantes y conservantes.<\/p><h3 class=\"a-spacing-mini\" style=\"--fontfamily: 'IBM Plex Mono', Sans-Serif; --fontweight: 700; --fontsize: 30px; --lineheight: 1.5; font-size: var(--fontSize); text-align: start; line-height: var(--lineHeight); font-family: var(--fontFamily); font-weight: var(--fontWeight); font-style: normal; letter-spacing: normal; text-transform: none; text-decoration-thickness: initial; text-decoration-style: initial; text-decoration-color: initial; width: var(--default-editor, var(--block-width)); max-width: var(--default-editor, var(--block-max-width)); margin: var(--content-spacing) var(--default-editor, auto) calc(var(--has-content-spacing, 1)*(.3em + 10px)) var(--default-editor, auto);\">10 BENEFICIOS de MAS Hair Treatment Healing Oil<\/h3><ol class=\"a-ordered-list a-vertical\" style=\"margin-right: var(--default-editor, auto); margin-bottom: var(--content-spacing); margin-left: var(--default-editor, auto); font-size: 16px; text-align: start; list-style-type: var(--listStyleType, decimal); padding-inline-start: var(--listIndent); width: var(--default-editor, var(--block-width)); max-width: var(--default-editor, var(--block-max-width));\"><li><span class=\"a-list-item\">Acondiciona el cabello<\/span><\/li><li><span class=\"a-list-item\">Reduce la friccion en seco<\/span><\/li><li><span class=\"a-list-item\">Mejora el peinado en condicion mojada y seca<\/span><\/li><li><span class=\"a-list-item\">Reduce la fractura<\/span><\/li><li><span class=\"a-list-item\">Hidrofobicidad de larga duracion<\/span><\/li><li><span class=\"a-list-item\">Secado rapido<\/span><\/li><li><span class=\"a-list-item\">Facilidad de peinado<\/span><\/li><li><span class=\"a-list-item\">Alinamiento mejorado<\/span><\/li><li><span class=\"a-list-item\">Proteccion del color<\/span><\/li><li><span class=\"a-list-item\">Proteccion al calor<\/span><\/li><\/ol>\t\t\t\t\t\t\t\t<\/div>\n\t\t\t\t<\/div>\n\t\t\t\t\t<\/div>\n\t\t<\/div>\n\t\t\t\t\t<\/div>\n\t\t<\/section>\n\t\t\t\t<section class=\"elementor-section elementor-top-section elementor-element elementor-element-82f6e22 elementor-section-boxed elementor-section-height-default elementor-section-height-default\" data-id=\"82f6e22\" data-element_type=\"section\" data-e-type=\"section\">\n\t\t\t\t\t\t<div class=\"elementor-container elementor-column-gap-default\">\n\t\t\t\t\t<div class=\"elementor-column elementor-col-25 elementor-top-column elementor-element elementor-element-fb1cf34\" data-id=\"fb1cf34\" data-element_type=\"column\" data-e-type=\"column\">\n\t\t\t<div class=\"elementor-widget-wrap elementor-element-populated\">\n\t\t\t\t\t\t<div class=\"elementor-element elementor-element-a8188ca elementor-widget elementor-widget-image\" data-id=\"a8188ca\" data-element_type=\"widget\" data-e-type=\"widget\" data-widget_type=\"image.default\">\n\t\t\t\t<div class=\"elementor-widget-container\">\n\t\t\t\t\t\t\t\t\t\t\t\t\t\t\t<img decoding=\"async\" width=\"220\" height=\"220\" src=\"https:\/\/i0.wp.com\/mavylin.com\/wp-content\/uploads\/2023\/05\/APC3-monoipsd.jpg?fit=220%2C220&amp;ssl=1\" class=\"attachment-large size-large wp-image-1671\" alt=\"\" srcset=\"https:\/\/i0.wp.com\/mavylin.com\/wp-content\/uploads\/2023\/05\/APC3-monoipsd.jpg?w=220&amp;ssl=1 220w, https:\/\/i0.wp.com\/mavylin.com\/wp-content\/uploads\/2023\/05\/APC3-monoipsd.jpg?resize=150%2C150&amp;ssl=1 150w, https:\/\/i0.wp.com\/mavylin.com\/wp-content\/uploads\/2023\/05\/APC3-monoipsd.jpg?resize=12%2C12&amp;ssl=1 12w, https:\/\/i0.wp.com\/mavylin.com\/wp-content\/uploads\/2023\/05\/APC3-monoipsd.jpg?resize=100%2C100&amp;ssl=1 100w\" sizes=\"(max-width: 220px) 100vw, 220px\" \/>\t\t\t\t\t\t\t\t\t\t\t\t\t\t\t<\/div>\n\t\t\t\t<\/div>\n\t\t\t\t<div class=\"elementor-element elementor-element-861cbab elementor-widget elementor-widget-text-editor\" data-id=\"861cbab\" data-element_type=\"widget\" data-e-type=\"widget\" data-widget_type=\"text-editor.default\">\n\t\t\t\t<div class=\"elementor-widget-container\">\n\t\t\t\t\t\t\t\t\t<h4 class=\"a-spacing-mini\">Aceite de Monoi<\/h4><p class=\"a-size-small\">Made from soaking petals of the Tahitian gardenia flower in pure coconut oil, reduces split ends and protects hair from sun damage.<\/p>\t\t\t\t\t\t\t\t<\/div>\n\t\t\t\t<\/div>\n\t\t\t\t\t<\/div>\n\t\t<\/div>\n\t\t\t\t<div class=\"elementor-column elementor-col-25 elementor-top-column elementor-element elementor-element-324f374\" data-id=\"324f374\" data-element_type=\"column\" data-e-type=\"column\">\n\t\t\t<div class=\"elementor-widget-wrap elementor-element-populated\">\n\t\t\t\t\t\t<div class=\"elementor-element elementor-element-8116c5d elementor-widget elementor-widget-image\" data-id=\"8116c5d\" data-element_type=\"widget\" data-e-type=\"widget\" data-widget_type=\"image.default\">\n\t\t\t\t<div class=\"elementor-widget-container\">\n\t\t\t\t\t\t\t\t\t\t\t\t\t\t\t<img decoding=\"async\" width=\"220\" height=\"220\" src=\"https:\/\/i0.wp.com\/mavylin.com\/wp-content\/uploads\/2023\/05\/APC4-argan.jpg?fit=220%2C220&amp;ssl=1\" class=\"attachment-large size-large wp-image-1673\" alt=\"\" srcset=\"https:\/\/i0.wp.com\/mavylin.com\/wp-content\/uploads\/2023\/05\/APC4-argan.jpg?w=220&amp;ssl=1 220w, https:\/\/i0.wp.com\/mavylin.com\/wp-content\/uploads\/2023\/05\/APC4-argan.jpg?resize=150%2C150&amp;ssl=1 150w, https:\/\/i0.wp.com\/mavylin.com\/wp-content\/uploads\/2023\/05\/APC4-argan.jpg?resize=12%2C12&amp;ssl=1 12w, https:\/\/i0.wp.com\/mavylin.com\/wp-content\/uploads\/2023\/05\/APC4-argan.jpg?resize=100%2C100&amp;ssl=1 100w\" sizes=\"(max-width: 220px) 100vw, 220px\" \/>\t\t\t\t\t\t\t\t\t\t\t\t\t\t\t<\/div>\n\t\t\t\t<\/div>\n\t\t\t\t<div class=\"elementor-element elementor-element-298c9b1 elementor-widget elementor-widget-text-editor\" data-id=\"298c9b1\" data-element_type=\"widget\" data-e-type=\"widget\" data-widget_type=\"text-editor.default\">\n\t\t\t\t<div class=\"elementor-widget-container\">\n\t\t\t\t\t\t\t\t\t<h4 class=\"a-spacing-mini\">Aceite de Argan<\/h4><p class=\"a-size-small\">Rico en vitaminas, antioxidantes y minerales para un cabello m\u00e1s brillante, suave y fuerte.<\/p>\t\t\t\t\t\t\t\t<\/div>\n\t\t\t\t<\/div>\n\t\t\t\t\t<\/div>\n\t\t<\/div>\n\t\t\t\t<div class=\"elementor-column elementor-col-25 elementor-top-column elementor-element elementor-element-b8504ba\" data-id=\"b8504ba\" data-element_type=\"column\" data-e-type=\"column\">\n\t\t\t<div class=\"elementor-widget-wrap elementor-element-populated\">\n\t\t\t\t\t\t<div class=\"elementor-element elementor-element-aa1a2b1 elementor-widget elementor-widget-image\" data-id=\"aa1a2b1\" data-element_type=\"widget\" data-e-type=\"widget\" data-widget_type=\"image.default\">\n\t\t\t\t<div class=\"elementor-widget-container\">\n\t\t\t\t\t\t\t\t\t\t\t\t\t\t\t<img decoding=\"async\" width=\"220\" height=\"220\" src=\"https:\/\/i0.wp.com\/mavylin.com\/wp-content\/uploads\/2023\/05\/APC5-seaberry.jpg?fit=220%2C220&amp;ssl=1\" class=\"attachment-large size-large wp-image-1674\" alt=\"\" srcset=\"https:\/\/i0.wp.com\/mavylin.com\/wp-content\/uploads\/2023\/05\/APC5-seaberry.jpg?w=220&amp;ssl=1 220w, https:\/\/i0.wp.com\/mavylin.com\/wp-content\/uploads\/2023\/05\/APC5-seaberry.jpg?resize=150%2C150&amp;ssl=1 150w, https:\/\/i0.wp.com\/mavylin.com\/wp-content\/uploads\/2023\/05\/APC5-seaberry.jpg?resize=12%2C12&amp;ssl=1 12w, https:\/\/i0.wp.com\/mavylin.com\/wp-content\/uploads\/2023\/05\/APC5-seaberry.jpg?resize=100%2C100&amp;ssl=1 100w\" sizes=\"(max-width: 220px) 100vw, 220px\" \/>\t\t\t\t\t\t\t\t\t\t\t\t\t\t\t<\/div>\n\t\t\t\t<\/div>\n\t\t\t\t<div class=\"elementor-element elementor-element-f235a00 elementor-widget elementor-widget-text-editor\" data-id=\"f235a00\" data-element_type=\"widget\" data-e-type=\"widget\" data-widget_type=\"text-editor.default\">\n\t\t\t\t<div class=\"elementor-widget-container\">\n\t\t\t\t\t\t\t\t\t<h4 class=\"a-spacing-mini\">Aceite de Espino Amarillo<\/h4><p class=\"a-size-small\">Lleno de vitaminas, amino\u00e1cidos, Omega-7 y vitamina C, restaura la elasticidad, repone y retiene la humedad del cabello.<\/p>\t\t\t\t\t\t\t\t<\/div>\n\t\t\t\t<\/div>\n\t\t\t\t\t<\/div>\n\t\t<\/div>\n\t\t\t\t<div class=\"elementor-column elementor-col-25 elementor-top-column elementor-element elementor-element-469c926\" data-id=\"469c926\" data-element_type=\"column\" data-e-type=\"column\">\n\t\t\t<div class=\"elementor-widget-wrap elementor-element-populated\">\n\t\t\t\t\t\t<div class=\"elementor-element elementor-element-5d4dd4a elementor-widget elementor-widget-image\" data-id=\"5d4dd4a\" data-element_type=\"widget\" data-e-type=\"widget\" data-widget_type=\"image.default\">\n\t\t\t\t<div class=\"elementor-widget-container\">\n\t\t\t\t\t\t\t\t\t\t\t\t\t\t\t<img loading=\"lazy\" decoding=\"async\" width=\"220\" height=\"220\" src=\"https:\/\/i0.wp.com\/mavylin.com\/wp-content\/uploads\/2023\/05\/APC5-E.jpg?fit=220%2C220&amp;ssl=1\" class=\"attachment-large size-large wp-image-1675\" alt=\"\" srcset=\"https:\/\/i0.wp.com\/mavylin.com\/wp-content\/uploads\/2023\/05\/APC5-E.jpg?w=220&amp;ssl=1 220w, https:\/\/i0.wp.com\/mavylin.com\/wp-content\/uploads\/2023\/05\/APC5-E.jpg?resize=150%2C150&amp;ssl=1 150w, https:\/\/i0.wp.com\/mavylin.com\/wp-content\/uploads\/2023\/05\/APC5-E.jpg?resize=12%2C12&amp;ssl=1 12w, https:\/\/i0.wp.com\/mavylin.com\/wp-content\/uploads\/2023\/05\/APC5-E.jpg?resize=100%2C100&amp;ssl=1 100w\" sizes=\"(max-width: 220px) 100vw, 220px\" \/>\t\t\t\t\t\t\t\t\t\t\t\t\t\t\t<\/div>\n\t\t\t\t<\/div>\n\t\t\t\t<div class=\"elementor-element elementor-element-8a52865 elementor-widget elementor-widget-text-editor\" data-id=\"8a52865\" data-element_type=\"widget\" data-e-type=\"widget\" data-widget_type=\"text-editor.default\">\n\t\t\t\t<div class=\"elementor-widget-container\">\n\t\t\t\t\t\t\t\t\t<h4 class=\"a-spacing-mini\">Vitamina E<\/h4><p class=\"a-size-small\">Apoya el cuero cabelludo y le da a tu cabello una base fuerte para crecer al reducir el estr\u00e9s oxidativo y preservar la capa protectora de l\u00edpidos.<\/p>\t\t\t\t\t\t\t\t<\/div>\n\t\t\t\t<\/div>\n\t\t\t\t\t<\/div>\n\t\t<\/div>\n\t\t\t\t\t<\/div>\n\t\t<\/section>\n\t\t\t\t<section class=\"elementor-section elementor-top-section elementor-element elementor-element-8484bc0 elementor-section-boxed elementor-section-height-default elementor-section-height-default\" data-id=\"8484bc0\" data-element_type=\"section\" data-e-type=\"section\">\n\t\t\t\t\t\t<div class=\"elementor-container elementor-column-gap-default\">\n\t\t\t\t\t<div class=\"elementor-column elementor-col-100 elementor-top-column elementor-element elementor-element-886ca3d\" data-id=\"886ca3d\" data-element_type=\"column\" data-e-type=\"column\">\n\t\t\t<div class=\"elementor-widget-wrap elementor-element-populated\">\n\t\t\t\t\t\t<div class=\"elementor-element elementor-element-fef747a elementor-widget elementor-widget-text-editor\" data-id=\"fef747a\" data-element_type=\"widget\" data-e-type=\"widget\" data-widget_type=\"text-editor.default\">\n\t\t\t\t<div class=\"elementor-widget-container\">\n\t\t\t\t\t\t\t\t\t<h3 class=\"a-spacing-mini\">Como Usar<\/h3><p>Cabello h\u00famedo: aplicar una peque\u00f1a cantidad sobre el cabello h\u00famedo de medios a puntas, secar con secador o dejar secar de forma natural. Estile como de costumbre.<\/p><p>Cabello seco: Apl\u00edquelo sobre el cabello seco desde la mitad del largo hasta las puntas para ayudar a suavizar y eliminar el encrespamiento y ayudar a proteger contra los factores ambientales, incluidos el sol y el viento. Brinda un brillo duradero mientras domina los cabellos sueltos.<\/p>\t\t\t\t\t\t\t\t<\/div>\n\t\t\t\t<\/div>\n\t\t\t\t\t<\/div>\n\t\t<\/div>\n\t\t\t\t\t<\/div>\n\t\t<\/section>\n\t\t\t\t<\/div>","protected":false},"excerpt":{"rendered":"<p>Mavylin Revitalizing Hair Treatment Oil Description Mavylin MAS Revitalizing Hair Treatment Oil\u00a0is an innovative blend of high performance ingredients that delivers conditioning of damaged hair surface, restoring hair\u2019s hydrophobic state, providing reduced breakage and ease of styling benefits. Restores dry, damaged, or frizzy hair. Get smooth, shiny hair after just one use. Effective for all [&hellip;]<\/p>\n","protected":false},"author":1,"featured_media":0,"parent":0,"menu_order":0,"comment_status":"closed","ping_status":"closed","template":"elementor_header_footer","meta":{"footnotes":""},"class_list":["post-1676","page","type-page","status-publish","hentry"],"blocksy_meta":[],"yoast_head":"<!-- This site is optimized with the Yoast SEO plugin v27.4 - https:\/\/yoast.com\/product\/yoast-seo-wordpress\/ -->\n<title>Benefits of MAS Revitalizing Hair Treatment Oil | Mavylin<\/title>\n<meta name=\"description\" content=\"Discover the benefits of Mavylin&#039;s MAS Revitalizing Hair Treatment Oil. Nourish, strengthen, and add shine to your hair with our premium formula.\" \/>\n<meta name=\"robots\" content=\"index, follow, max-snippet:-1, max-image-preview:large, max-video-preview:-1\" \/>\n<link rel=\"canonical\" href=\"https:\/\/mavylin.com\/es\/revitalizing-hair-treatment-oil-mavylin\/\" \/>\n<meta property=\"og:locale\" content=\"es_ES\" \/>\n<meta property=\"og:type\" content=\"article\" \/>\n<meta property=\"og:title\" content=\"Benefits of MAS Revitalizing Hair Treatment Oil | Mavylin\" \/>\n<meta property=\"og:description\" content=\"Discover the benefits of Mavylin&#039;s MAS Revitalizing Hair Treatment Oil. Nourish, strengthen, and add shine to your hair with our premium formula.\" \/>\n<meta property=\"og:url\" content=\"https:\/\/mavylin.com\/es\/revitalizing-hair-treatment-oil-mavylin\/\" \/>\n<meta property=\"og:site_name\" content=\"Superior Hair Products | Hair Care | Mavylin\" \/>\n<meta property=\"article:modified_time\" content=\"2024-06-02T10:38:55+00:00\" \/>\n<meta property=\"og:image\" content=\"https:\/\/mavylin.com\/wp-content\/uploads\/2023\/05\/APC3-monoipsd.jpg\" \/>\n<meta name=\"twitter:card\" content=\"summary_large_image\" \/>\n<meta name=\"twitter:label1\" content=\"Tiempo de lectura\" \/>\n\t<meta name=\"twitter:data1\" content=\"2 minutos\" \/>\n<script type=\"application\/ld+json\" class=\"yoast-schema-graph\">{\"@context\":\"https:\\\/\\\/schema.org\",\"@graph\":[{\"@type\":\"WebPage\",\"@id\":\"https:\\\/\\\/mavylin.com\\\/revitalizing-hair-treatment-oil-mavylin\\\/\",\"url\":\"https:\\\/\\\/mavylin.com\\\/revitalizing-hair-treatment-oil-mavylin\\\/\",\"name\":\"Benefits of MAS Revitalizing Hair Treatment Oil | Mavylin\",\"isPartOf\":{\"@id\":\"https:\\\/\\\/mavylin.com\\\/es\\\/#website\"},\"primaryImageOfPage\":{\"@id\":\"https:\\\/\\\/mavylin.com\\\/revitalizing-hair-treatment-oil-mavylin\\\/#primaryimage\"},\"image\":{\"@id\":\"https:\\\/\\\/mavylin.com\\\/revitalizing-hair-treatment-oil-mavylin\\\/#primaryimage\"},\"thumbnailUrl\":\"https:\\\/\\\/mavylin.com\\\/wp-content\\\/uploads\\\/2023\\\/05\\\/APC3-monoipsd.jpg\",\"datePublished\":\"2023-06-08T04:00:32+00:00\",\"dateModified\":\"2024-06-02T10:38:55+00:00\",\"description\":\"Discover the benefits of Mavylin's MAS Revitalizing Hair Treatment Oil. Nourish, strengthen, and add shine to your hair with our premium formula.\",\"breadcrumb\":{\"@id\":\"https:\\\/\\\/mavylin.com\\\/revitalizing-hair-treatment-oil-mavylin\\\/#breadcrumb\"},\"inLanguage\":\"es\",\"potentialAction\":[{\"@type\":\"ReadAction\",\"target\":[\"https:\\\/\\\/mavylin.com\\\/revitalizing-hair-treatment-oil-mavylin\\\/\"]}]},{\"@type\":\"ImageObject\",\"inLanguage\":\"es\",\"@id\":\"https:\\\/\\\/mavylin.com\\\/revitalizing-hair-treatment-oil-mavylin\\\/#primaryimage\",\"url\":\"https:\\\/\\\/mavylin.com\\\/wp-content\\\/uploads\\\/2023\\\/05\\\/APC3-monoipsd.jpg\",\"contentUrl\":\"https:\\\/\\\/mavylin.com\\\/wp-content\\\/uploads\\\/2023\\\/05\\\/APC3-monoipsd.jpg\"},{\"@type\":\"BreadcrumbList\",\"@id\":\"https:\\\/\\\/mavylin.com\\\/revitalizing-hair-treatment-oil-mavylin\\\/#breadcrumb\",\"itemListElement\":[{\"@type\":\"ListItem\",\"position\":1,\"name\":\"Home\",\"item\":\"https:\\\/\\\/mavylin.com\\\/\"},{\"@type\":\"ListItem\",\"position\":2,\"name\":\"MAS Revitalizing Hair Treatment Oil\"}]},{\"@type\":\"WebSite\",\"@id\":\"https:\\\/\\\/mavylin.com\\\/es\\\/#website\",\"url\":\"https:\\\/\\\/mavylin.com\\\/es\\\/\",\"name\":\"Superior Hair Products | Hair Care | Mavylin\",\"description\":\"Top-quality hair brand with unique products professionally created to nourish the hair and provide positive, lasting effects.\",\"publisher\":{\"@id\":\"https:\\\/\\\/mavylin.com\\\/es\\\/#organization\"},\"potentialAction\":[{\"@type\":\"SearchAction\",\"target\":{\"@type\":\"EntryPoint\",\"urlTemplate\":\"https:\\\/\\\/mavylin.com\\\/es\\\/?s={search_term_string}\"},\"query-input\":{\"@type\":\"PropertyValueSpecification\",\"valueRequired\":true,\"valueName\":\"search_term_string\"}}],\"inLanguage\":\"es\"},{\"@type\":\"Organization\",\"@id\":\"https:\\\/\\\/mavylin.com\\\/es\\\/#organization\",\"name\":\"Superior Hair Products | Hair Care | Mavylin\",\"url\":\"https:\\\/\\\/mavylin.com\\\/es\\\/\",\"logo\":{\"@type\":\"ImageObject\",\"inLanguage\":\"es\",\"@id\":\"https:\\\/\\\/mavylin.com\\\/es\\\/#\\\/schema\\\/logo\\\/image\\\/\",\"url\":\"https:\\\/\\\/i0.wp.com\\\/mavylin.com\\\/wp-content\\\/uploads\\\/2023\\\/05\\\/Logo-mavylin.png?fit=600%2C490&ssl=1\",\"contentUrl\":\"https:\\\/\\\/i0.wp.com\\\/mavylin.com\\\/wp-content\\\/uploads\\\/2023\\\/05\\\/Logo-mavylin.png?fit=600%2C490&ssl=1\",\"width\":600,\"height\":490,\"caption\":\"Superior Hair Products | Hair Care | Mavylin\"},\"image\":{\"@id\":\"https:\\\/\\\/mavylin.com\\\/es\\\/#\\\/schema\\\/logo\\\/image\\\/\"}}]}<\/script>\n<!-- \/ Yoast SEO plugin. -->","yoast_head_json":{"title":"Benefits of MAS Revitalizing Hair Treatment Oil | Mavylin","description":"Discover the benefits of Mavylin's MAS Revitalizing Hair Treatment Oil. Nourish, strengthen, and add shine to your hair with our premium formula.","robots":{"index":"index","follow":"follow","max-snippet":"max-snippet:-1","max-image-preview":"max-image-preview:large","max-video-preview":"max-video-preview:-1"},"canonical":"https:\/\/mavylin.com\/es\/revitalizing-hair-treatment-oil-mavylin\/","og_locale":"es_ES","og_type":"article","og_title":"Benefits of MAS Revitalizing Hair Treatment Oil | Mavylin","og_description":"Discover the benefits of Mavylin's MAS Revitalizing Hair Treatment Oil. Nourish, strengthen, and add shine to your hair with our premium formula.","og_url":"https:\/\/mavylin.com\/es\/revitalizing-hair-treatment-oil-mavylin\/","og_site_name":"Superior Hair Products | Hair Care | Mavylin","article_modified_time":"2024-06-02T10:38:55+00:00","og_image":[{"url":"https:\/\/mavylin.com\/wp-content\/uploads\/2023\/05\/APC3-monoipsd.jpg","type":"","width":"","height":""}],"twitter_card":"summary_large_image","twitter_misc":{"Tiempo de lectura":"2 minutos"},"schema":{"@context":"https:\/\/schema.org","@graph":[{"@type":"WebPage","@id":"https:\/\/mavylin.com\/revitalizing-hair-treatment-oil-mavylin\/","url":"https:\/\/mavylin.com\/revitalizing-hair-treatment-oil-mavylin\/","name":"Benefits of MAS Revitalizing Hair Treatment Oil | Mavylin","isPartOf":{"@id":"https:\/\/mavylin.com\/es\/#website"},"primaryImageOfPage":{"@id":"https:\/\/mavylin.com\/revitalizing-hair-treatment-oil-mavylin\/#primaryimage"},"image":{"@id":"https:\/\/mavylin.com\/revitalizing-hair-treatment-oil-mavylin\/#primaryimage"},"thumbnailUrl":"https:\/\/mavylin.com\/wp-content\/uploads\/2023\/05\/APC3-monoipsd.jpg","datePublished":"2023-06-08T04:00:32+00:00","dateModified":"2024-06-02T10:38:55+00:00","description":"Discover the benefits of Mavylin's MAS Revitalizing Hair Treatment Oil. Nourish, strengthen, and add shine to your hair with our premium formula.","breadcrumb":{"@id":"https:\/\/mavylin.com\/revitalizing-hair-treatment-oil-mavylin\/#breadcrumb"},"inLanguage":"es","potentialAction":[{"@type":"ReadAction","target":["https:\/\/mavylin.com\/revitalizing-hair-treatment-oil-mavylin\/"]}]},{"@type":"ImageObject","inLanguage":"es","@id":"https:\/\/mavylin.com\/revitalizing-hair-treatment-oil-mavylin\/#primaryimage","url":"https:\/\/mavylin.com\/wp-content\/uploads\/2023\/05\/APC3-monoipsd.jpg","contentUrl":"https:\/\/mavylin.com\/wp-content\/uploads\/2023\/05\/APC3-monoipsd.jpg"},{"@type":"BreadcrumbList","@id":"https:\/\/mavylin.com\/revitalizing-hair-treatment-oil-mavylin\/#breadcrumb","itemListElement":[{"@type":"ListItem","position":1,"name":"Home","item":"https:\/\/mavylin.com\/"},{"@type":"ListItem","position":2,"name":"MAS Revitalizing Hair Treatment Oil"}]},{"@type":"WebSite","@id":"https:\/\/mavylin.com\/es\/#website","url":"https:\/\/mavylin.com\/es\/","name":"Superior Hair Products | Hair Care | Mavylin","description":"Top-quality hair brand with unique products professionally created to nourish the hair and provide positive, lasting effects.","publisher":{"@id":"https:\/\/mavylin.com\/es\/#organization"},"potentialAction":[{"@type":"SearchAction","target":{"@type":"EntryPoint","urlTemplate":"https:\/\/mavylin.com\/es\/?s={search_term_string}"},"query-input":{"@type":"PropertyValueSpecification","valueRequired":true,"valueName":"search_term_string"}}],"inLanguage":"es"},{"@type":"Organization","@id":"https:\/\/mavylin.com\/es\/#organization","name":"Superior Hair Products | Hair Care | Mavylin","url":"https:\/\/mavylin.com\/es\/","logo":{"@type":"ImageObject","inLanguage":"es","@id":"https:\/\/mavylin.com\/es\/#\/schema\/logo\/image\/","url":"https:\/\/i0.wp.com\/mavylin.com\/wp-content\/uploads\/2023\/05\/Logo-mavylin.png?fit=600%2C490&ssl=1","contentUrl":"https:\/\/i0.wp.com\/mavylin.com\/wp-content\/uploads\/2023\/05\/Logo-mavylin.png?fit=600%2C490&ssl=1","width":600,"height":490,"caption":"Superior Hair Products | Hair Care | Mavylin"},"image":{"@id":"https:\/\/mavylin.com\/es\/#\/schema\/logo\/image\/"}}]}},"jetpack_sharing_enabled":true,"_links":{"self":[{"href":"https:\/\/mavylin.com\/es\/wp-json\/wp\/v2\/pages\/1676","targetHints":{"allow":["GET"]}}],"collection":[{"href":"https:\/\/mavylin.com\/es\/wp-json\/wp\/v2\/pages"}],"about":[{"href":"https:\/\/mavylin.com\/es\/wp-json\/wp\/v2\/types\/page"}],"author":[{"embeddable":true,"href":"https:\/\/mavylin.com\/es\/wp-json\/wp\/v2\/users\/1"}],"replies":[{"embeddable":true,"href":"https:\/\/mavylin.com\/es\/wp-json\/wp\/v2\/comments?post=1676"}],"version-history":[{"count":20,"href":"https:\/\/mavylin.com\/es\/wp-json\/wp\/v2\/pages\/1676\/revisions"}],"predecessor-version":[{"id":1697,"href":"https:\/\/mavylin.com\/es\/wp-json\/wp\/v2\/pages\/1676\/revisions\/1697"}],"wp:attachment":[{"href":"https:\/\/mavylin.com\/es\/wp-json\/wp\/v2\/media?parent=1676"}],"curies":[{"name":"wp","href":"https:\/\/api.w.org\/{rel}","templated":true}]}}