{"id":1623,"date":"2023-06-07T23:21:24","date_gmt":"2023-06-08T03:21:24","guid":{"rendered":"https:\/\/mavylin.com\/?page_id=1623"},"modified":"2023-06-16T13:40:15","modified_gmt":"2023-06-16T17:40:15","slug":"mavylin-3d-gloss-hair-ampoules","status":"publish","type":"page","link":"https:\/\/mavylin.com\/es\/mavylin-3d-gloss-hair-ampoules\/","title":{"rendered":"3D GLOSS"},"content":{"rendered":"<div data-elementor-type=\"wp-page\" data-elementor-id=\"1623\" class=\"elementor elementor-1623\">\n\t\t\t\t\t\t<section class=\"elementor-section elementor-top-section elementor-element elementor-element-3332243c elementor-section-boxed elementor-section-height-default elementor-section-height-default\" data-id=\"3332243c\" data-element_type=\"section\" data-e-type=\"section\">\n\t\t\t\t\t\t<div class=\"elementor-container elementor-column-gap-default\">\n\t\t\t\t\t<div class=\"elementor-column elementor-col-100 elementor-top-column elementor-element elementor-element-ddd6cbc\" data-id=\"ddd6cbc\" data-element_type=\"column\" data-e-type=\"column\">\n\t\t\t<div class=\"elementor-widget-wrap elementor-element-populated\">\n\t\t\t\t\t\t<div class=\"elementor-element elementor-element-662941fa elementor-widget elementor-widget-text-editor\" data-id=\"662941fa\" data-element_type=\"widget\" data-e-type=\"widget\" data-widget_type=\"text-editor.default\">\n\t\t\t\t<div class=\"elementor-widget-container\">\n\t\t\t\t\t\t\t\t\t<h5>MAVYLIN 3D GLOSS AMPOLLAS CAPILARES<\/h5>\t\t\t\t\t\t\t\t<\/div>\n\t\t\t\t<\/div>\n\t\t\t\t\t<\/div>\n\t\t<\/div>\n\t\t\t\t\t<\/div>\n\t\t<\/section>\n\t\t\t\t<section class=\"elementor-section elementor-top-section elementor-element elementor-element-83144d9 elementor-section-boxed elementor-section-height-default elementor-section-height-default\" data-id=\"83144d9\" data-element_type=\"section\" data-e-type=\"section\">\n\t\t\t\t\t\t<div class=\"elementor-container elementor-column-gap-default\">\n\t\t\t\t\t<div class=\"elementor-column elementor-col-100 elementor-top-column elementor-element elementor-element-e96e2c6\" data-id=\"e96e2c6\" data-element_type=\"column\" data-e-type=\"column\">\n\t\t\t<div class=\"elementor-widget-wrap elementor-element-populated\">\n\t\t\t\t\t\t<div class=\"elementor-element elementor-element-3b5d085 elementor-arrows-position-inside elementor-pagination-position-outside elementor-widget elementor-widget-image-carousel\" data-id=\"3b5d085\" data-element_type=\"widget\" data-e-type=\"widget\" data-settings=\"{&quot;slides_to_show&quot;:&quot;1&quot;,&quot;navigation&quot;:&quot;both&quot;,&quot;autoplay&quot;:&quot;yes&quot;,&quot;pause_on_hover&quot;:&quot;yes&quot;,&quot;pause_on_interaction&quot;:&quot;yes&quot;,&quot;autoplay_speed&quot;:5000,&quot;infinite&quot;:&quot;yes&quot;,&quot;effect&quot;:&quot;slide&quot;,&quot;speed&quot;:500}\" data-widget_type=\"image-carousel.default\">\n\t\t\t\t<div class=\"elementor-widget-container\">\n\t\t\t\t\t\t\t<div class=\"elementor-image-carousel-wrapper swiper\" role=\"region\" aria-roledescription=\"carousel\" aria-label=\"Carrusel de im\u00e1genes\" dir=\"ltr\">\n\t\t\t<div class=\"elementor-image-carousel swiper-wrapper\" aria-live=\"off\">\n\t\t\t\t\t\t\t\t<div class=\"swiper-slide\" role=\"group\" aria-roledescription=\"slide\" aria-label=\"1 de 4\"><figure class=\"swiper-slide-inner\"><img decoding=\"async\" class=\"swiper-slide-image\" src=\"https:\/\/i0.wp.com\/mavylin.com\/wp-content\/uploads\/2023\/06\/YEBC-1-v2.jpg?fit=970%2C600&amp;ssl=1\" alt=\"YEBC-1-v2\" \/><\/figure><\/div><div class=\"swiper-slide\" role=\"group\" aria-roledescription=\"slide\" aria-label=\"2 de 4\"><figure class=\"swiper-slide-inner\"><img decoding=\"async\" class=\"swiper-slide-image\" src=\"https:\/\/i0.wp.com\/mavylin.com\/wp-content\/uploads\/2023\/06\/YEBC-6-JLC-V4.jpg?fit=970%2C600&amp;ssl=1\" alt=\"YEBC 6 JLC V4\" \/><\/figure><\/div><div class=\"swiper-slide\" role=\"group\" aria-roledescription=\"slide\" aria-label=\"3 de 4\"><figure class=\"swiper-slide-inner\"><img decoding=\"async\" class=\"swiper-slide-image\" src=\"https:\/\/i0.wp.com\/mavylin.com\/wp-content\/uploads\/2023\/06\/Y-EBC-7-jlc-v3.jpg?fit=970%2C600&amp;ssl=1\" alt=\"Y EBC 7 jlc v3\" \/><\/figure><\/div><div class=\"swiper-slide\" role=\"group\" aria-roledescription=\"slide\" aria-label=\"4 de 4\"><figure class=\"swiper-slide-inner\"><img decoding=\"async\" class=\"swiper-slide-image\" src=\"https:\/\/i0.wp.com\/mavylin.com\/wp-content\/uploads\/2023\/06\/YEBC-2-JLC-v3.jpg?fit=970%2C600&amp;ssl=1\" alt=\"YEBC 2 JLC v3\" \/><\/figure><\/div>\t\t\t<\/div>\n\t\t\t\t\t\t\t\t\t\t\t\t<div class=\"elementor-swiper-button elementor-swiper-button-prev\" role=\"button\" tabindex=\"0\">\n\t\t\t\t\t\t<i aria-hidden=\"true\" class=\"eicon-chevron-left\"><\/i>\t\t\t\t\t<\/div>\n\t\t\t\t\t<div class=\"elementor-swiper-button elementor-swiper-button-next\" role=\"button\" tabindex=\"0\">\n\t\t\t\t\t\t<i aria-hidden=\"true\" class=\"eicon-chevron-right\"><\/i>\t\t\t\t\t<\/div>\n\t\t\t\t\n\t\t\t\t\t\t\t\t\t<div class=\"swiper-pagination\"><\/div>\n\t\t\t\t\t\t\t\t\t<\/div>\n\t\t\t\t\t\t<\/div>\n\t\t\t\t<\/div>\n\t\t\t\t\t<\/div>\n\t\t<\/div>\n\t\t\t\t\t<\/div>\n\t\t<\/section>\n\t\t\t\t<section class=\"elementor-section elementor-top-section elementor-element elementor-element-06ba5a6 elementor-section-boxed elementor-section-height-default elementor-section-height-default\" data-id=\"06ba5a6\" data-element_type=\"section\" data-e-type=\"section\">\n\t\t\t\t\t\t<div class=\"elementor-container elementor-column-gap-default\">\n\t\t\t\t\t<div class=\"elementor-column elementor-col-100 elementor-top-column elementor-element elementor-element-c04485a\" data-id=\"c04485a\" data-element_type=\"column\" data-e-type=\"column\">\n\t\t\t<div class=\"elementor-widget-wrap elementor-element-populated\">\n\t\t\t\t\t\t<div class=\"elementor-element elementor-element-ff5d3c3 elementor-widget elementor-widget-text-editor\" data-id=\"ff5d3c3\" data-element_type=\"widget\" data-e-type=\"widget\" data-widget_type=\"text-editor.default\">\n\t\t\t\t<div class=\"elementor-widget-container\">\n\t\t\t\t\t\t\t\t\t<p><span class=\"a-text-bold\"><strong>REJUVENATES <\/strong><b>AND RESTORES DAMAGED, OR FRIZZY HAIR INTO SMOOTH, SHINY HAIR AFTER JUST ONE USE!<\/b><\/span><\/p><p>Seg\u00fan la creencia popular y a pesar de la cantidad de videos de YouTube que dicen lo contrario, una rutina de cuidado del cabello de alta calidad no requiere una l\u00ednea de productos de m\u00e1s de 15. Todo se reduce a los ingredientes.<\/p><p>Ahi es donde\u00a0<span class=\"a-text-bold\">MAVYLIN 3D GLOSS<\/span>\u00a0El tratamiento acondicionador profundo para el cabello realmente brilla. La f\u00f3rmula est\u00e1 repleta de vitamina B6 ultra-enriquecedora, pantenol B5 e hidrata para ayudarte a deshacerte de las puntas abiertas y el cabello encrespado en unos simples pasos. \u00bfEl resultado? Aspecto brillante y elegante altamente codiciado que siempre has querido. No importa si tienes el cabello seco o da\u00f1ado, este cabello humectado te tiene cubierto.<\/p><p>Si estas tratando de mantenerte lo m\u00e1s alejada posible de los productos qu\u00edmicos t\u00f3xicos, ten la seguridad de que 3D GLOSS de Maylin no contiene formaldeh\u00eddo, amon\u00edaco, ftalatos, parabenos u otros productos qu\u00edmicos nocivos.<\/p><p><span class=\"a-text-bold\">MAVYLIN 3D GLOSS es efectivo si tienes:<\/span><\/p><ul class=\"a-unordered-list a-vertical\"><li><span class=\"a-list-item\">Puntas partidas<\/span><\/li><li><span class=\"a-list-item\">Cabello muy fino<\/span><\/li><li><span class=\"a-list-item\">Falta de volumen o brillo<\/span><\/li><li><span class=\"a-list-item\">Cabello da\u00f1ado<\/span><\/li><li><span class=\"a-list-item\">Cabello con frizz<\/span><\/li><li><span class=\"a-list-item\">Cabello que quieres alisar<\/span><\/li><\/ul><p><span class=\"a-text-bold\"><b>Como Usar<\/b><\/span><\/p><p>1.\u00a0<span class=\"a-text-bold\">Lava el cabello<\/span>\u00a0con champ\u00fa para que quede limpio y libre de grasa. No use acondicionador. Secar con toalla despu\u00e9s.<span class=\"a-text-italic\">\u00a0<\/span><\/p><p>2.\u00a0<span class=\"a-text-bold\">Mezcla una ampolla de<\/span>\u00a0de\u00a0<span class=\"a-text-bold\">MAVYLIN 3D GLOSS<\/span>\u00a0con 90 ml \/ 3 oz de agua a temperatura corporal, revuelva hasta formar una mezcla cremosa homog\u00e9nea.<\/p><p>3.\u00a0<span class=\"a-text-bold\">Aplica\u00a0<\/span>la mezcla sobre el cabello como si estuvieras aplicando un tinte, mech\u00f3n por mech\u00f3n con una brocha. Es importante que todo tu cabello est\u00e9 saturado con el producto.<\/p><p>4.\u00a0<span class=\"a-text-bold\">Dejalo 20 minutos<\/span>en el cabello con un gorro t\u00e9rmico y aplica calor sobre el gorro con el secador durante los primeros 10 minutos.<\/p><p>5.\u00a0<span class=\"a-text-bold\">Enjuaga ligeramente<\/span>\u00a0tu cabello con agua fr\u00eda, dejando la mitad del producto en tu cabello para seguir hidratando. A tu cabello todav\u00eda le debe quedar algo de deslizamiento.<\/p><p>6.\u00a0<span class=\"a-text-bold\">Seca\u00a0<\/span>tu cabello completamente con un secador y un cepillo redondo..\u00a0<span class=\"a-text-italic\">Recomendamos luego planchar para ayudar a sellar el producto en las cut\u00edculas para efectos m\u00e1s duraderos. Configura la plancha a 400 \u2109-420 \u2109 (200 -215 Celsius) y p\u00e1sala por el cabello de 8 a 10 veces.\u00a0<span class=\"a-text-bold\">Cuidado<\/span>: Si se usas en cabello fino o te\u00f1ido, baja la temperatura a 320\u00b0F-355\u00b0F (160-180 Celsius).<\/span><\/p><p><span class=\"a-text-bold\">Recuerda\u00a0<\/span>No use productos para el cuidado del cabello que contengan sulfatos (champ\u00fas, acondicionadores, mascarillas para el cabello, etc.) despu\u00e9s de aplicar MAVYLIN 3D GLOSS para efectos m\u00e1s duraderos. Los sulfatos eliminan la humedad del cabello.<\/p>\t\t\t\t\t\t\t\t<\/div>\n\t\t\t\t<\/div>\n\t\t\t\t\t<\/div>\n\t\t<\/div>\n\t\t\t\t\t<\/div>\n\t\t<\/section>\n\t\t\t\t<\/div>","protected":false},"excerpt":{"rendered":"<p>MAVYLIN 3D GLOSS HAIR AMPOULES Previous image Next image REJUVENATES AND RESTORES DAMAGED, OR FRIZZY HAIR INTO SMOOTH, SHINY HAIR AFTER JUST ONE USE! According to popular belief and despite the number of YouTube videos that state otherwise, a high-quality haircare routine doesn\u2019t require a 15+ product lineup. Everything comes down to the ingredients. That\u2019s [&hellip;]<\/p>\n","protected":false},"author":1,"featured_media":0,"parent":0,"menu_order":0,"comment_status":"closed","ping_status":"closed","template":"elementor_header_footer","meta":{"footnotes":""},"class_list":["post-1623","page","type-page","status-publish","hentry"],"blocksy_meta":{"page_structure_type":"default"},"yoast_head":"<!-- This site is optimized with the Yoast SEO plugin v27.4 - https:\/\/yoast.com\/product\/yoast-seo-wordpress\/ -->\n<title>3D GLOSS - Superior Hair Products | Hair Care | Mavylin<\/title>\n<meta name=\"robots\" content=\"index, follow, max-snippet:-1, max-image-preview:large, max-video-preview:-1\" \/>\n<link rel=\"canonical\" href=\"https:\/\/mavylin.com\/es\/mavylin-3d-gloss-hair-ampoules\/\" \/>\n<meta property=\"og:locale\" content=\"es_ES\" \/>\n<meta property=\"og:type\" content=\"article\" \/>\n<meta property=\"og:title\" content=\"3D GLOSS - Superior Hair Products | Hair Care | Mavylin\" \/>\n<meta property=\"og:description\" content=\"MAVYLIN 3D GLOSS HAIR AMPOULES Previous image Next image REJUVENATES AND RESTORES DAMAGED, OR FRIZZY HAIR INTO SMOOTH, SHINY HAIR AFTER JUST ONE USE! According to popular belief and despite the number of YouTube videos that state otherwise, a high-quality haircare routine doesn\u2019t require a 15+ product lineup. Everything comes down to the ingredients. That\u2019s [&hellip;]\" \/>\n<meta property=\"og:url\" content=\"https:\/\/mavylin.com\/es\/mavylin-3d-gloss-hair-ampoules\/\" \/>\n<meta property=\"og:site_name\" content=\"Superior Hair Products | Hair Care | Mavylin\" \/>\n<meta property=\"article:modified_time\" content=\"2023-06-16T17:40:15+00:00\" \/>\n<meta property=\"og:image\" content=\"https:\/\/mavylin.com\/wp-content\/uploads\/2023\/06\/YEBC-1-v2.jpg\" \/>\n<meta name=\"twitter:card\" content=\"summary_large_image\" \/>\n<meta name=\"twitter:label1\" content=\"Tiempo de lectura\" \/>\n\t<meta name=\"twitter:data1\" content=\"2 minutos\" \/>\n<script type=\"application\/ld+json\" class=\"yoast-schema-graph\">{\"@context\":\"https:\\\/\\\/schema.org\",\"@graph\":[{\"@type\":\"WebPage\",\"@id\":\"https:\\\/\\\/mavylin.com\\\/mavylin-3d-gloss-hair-ampoules\\\/\",\"url\":\"https:\\\/\\\/mavylin.com\\\/mavylin-3d-gloss-hair-ampoules\\\/\",\"name\":\"3D GLOSS - Superior Hair Products | Hair Care | Mavylin\",\"isPartOf\":{\"@id\":\"https:\\\/\\\/mavylin.com\\\/es\\\/#website\"},\"primaryImageOfPage\":{\"@id\":\"https:\\\/\\\/mavylin.com\\\/mavylin-3d-gloss-hair-ampoules\\\/#primaryimage\"},\"image\":{\"@id\":\"https:\\\/\\\/mavylin.com\\\/mavylin-3d-gloss-hair-ampoules\\\/#primaryimage\"},\"thumbnailUrl\":\"https:\\\/\\\/mavylin.com\\\/wp-content\\\/uploads\\\/2023\\\/06\\\/YEBC-1-v2.jpg\",\"datePublished\":\"2023-06-08T03:21:24+00:00\",\"dateModified\":\"2023-06-16T17:40:15+00:00\",\"breadcrumb\":{\"@id\":\"https:\\\/\\\/mavylin.com\\\/mavylin-3d-gloss-hair-ampoules\\\/#breadcrumb\"},\"inLanguage\":\"es\",\"potentialAction\":[{\"@type\":\"ReadAction\",\"target\":[\"https:\\\/\\\/mavylin.com\\\/mavylin-3d-gloss-hair-ampoules\\\/\"]}]},{\"@type\":\"ImageObject\",\"inLanguage\":\"es\",\"@id\":\"https:\\\/\\\/mavylin.com\\\/mavylin-3d-gloss-hair-ampoules\\\/#primaryimage\",\"url\":\"https:\\\/\\\/mavylin.com\\\/wp-content\\\/uploads\\\/2023\\\/06\\\/YEBC-1-v2.jpg\",\"contentUrl\":\"https:\\\/\\\/mavylin.com\\\/wp-content\\\/uploads\\\/2023\\\/06\\\/YEBC-1-v2.jpg\"},{\"@type\":\"BreadcrumbList\",\"@id\":\"https:\\\/\\\/mavylin.com\\\/mavylin-3d-gloss-hair-ampoules\\\/#breadcrumb\",\"itemListElement\":[{\"@type\":\"ListItem\",\"position\":1,\"name\":\"Home\",\"item\":\"https:\\\/\\\/mavylin.com\\\/\"},{\"@type\":\"ListItem\",\"position\":2,\"name\":\"3D GLOSS\"}]},{\"@type\":\"WebSite\",\"@id\":\"https:\\\/\\\/mavylin.com\\\/es\\\/#website\",\"url\":\"https:\\\/\\\/mavylin.com\\\/es\\\/\",\"name\":\"Superior Hair Products | Hair Care | Mavylin\",\"description\":\"Top-quality hair brand with unique products professionally created to nourish the hair and provide positive, lasting effects.\",\"publisher\":{\"@id\":\"https:\\\/\\\/mavylin.com\\\/es\\\/#organization\"},\"potentialAction\":[{\"@type\":\"SearchAction\",\"target\":{\"@type\":\"EntryPoint\",\"urlTemplate\":\"https:\\\/\\\/mavylin.com\\\/es\\\/?s={search_term_string}\"},\"query-input\":{\"@type\":\"PropertyValueSpecification\",\"valueRequired\":true,\"valueName\":\"search_term_string\"}}],\"inLanguage\":\"es\"},{\"@type\":\"Organization\",\"@id\":\"https:\\\/\\\/mavylin.com\\\/es\\\/#organization\",\"name\":\"Superior Hair Products | Hair Care | Mavylin\",\"url\":\"https:\\\/\\\/mavylin.com\\\/es\\\/\",\"logo\":{\"@type\":\"ImageObject\",\"inLanguage\":\"es\",\"@id\":\"https:\\\/\\\/mavylin.com\\\/es\\\/#\\\/schema\\\/logo\\\/image\\\/\",\"url\":\"https:\\\/\\\/i0.wp.com\\\/mavylin.com\\\/wp-content\\\/uploads\\\/2023\\\/05\\\/Logo-mavylin.png?fit=600%2C490&ssl=1\",\"contentUrl\":\"https:\\\/\\\/i0.wp.com\\\/mavylin.com\\\/wp-content\\\/uploads\\\/2023\\\/05\\\/Logo-mavylin.png?fit=600%2C490&ssl=1\",\"width\":600,\"height\":490,\"caption\":\"Superior Hair Products | Hair Care | Mavylin\"},\"image\":{\"@id\":\"https:\\\/\\\/mavylin.com\\\/es\\\/#\\\/schema\\\/logo\\\/image\\\/\"}}]}<\/script>\n<!-- \/ Yoast SEO plugin. -->","yoast_head_json":{"title":"3D GLOSS - Superior Hair Products | Hair Care | Mavylin","robots":{"index":"index","follow":"follow","max-snippet":"max-snippet:-1","max-image-preview":"max-image-preview:large","max-video-preview":"max-video-preview:-1"},"canonical":"https:\/\/mavylin.com\/es\/mavylin-3d-gloss-hair-ampoules\/","og_locale":"es_ES","og_type":"article","og_title":"3D GLOSS - Superior Hair Products | Hair Care | Mavylin","og_description":"MAVYLIN 3D GLOSS HAIR AMPOULES Previous image Next image REJUVENATES AND RESTORES DAMAGED, OR FRIZZY HAIR INTO SMOOTH, SHINY HAIR AFTER JUST ONE USE! According to popular belief and despite the number of YouTube videos that state otherwise, a high-quality haircare routine doesn\u2019t require a 15+ product lineup. Everything comes down to the ingredients. That\u2019s [&hellip;]","og_url":"https:\/\/mavylin.com\/es\/mavylin-3d-gloss-hair-ampoules\/","og_site_name":"Superior Hair Products | Hair Care | Mavylin","article_modified_time":"2023-06-16T17:40:15+00:00","og_image":[{"url":"https:\/\/mavylin.com\/wp-content\/uploads\/2023\/06\/YEBC-1-v2.jpg","type":"","width":"","height":""}],"twitter_card":"summary_large_image","twitter_misc":{"Tiempo de lectura":"2 minutos"},"schema":{"@context":"https:\/\/schema.org","@graph":[{"@type":"WebPage","@id":"https:\/\/mavylin.com\/mavylin-3d-gloss-hair-ampoules\/","url":"https:\/\/mavylin.com\/mavylin-3d-gloss-hair-ampoules\/","name":"3D GLOSS - Superior Hair Products | Hair Care | Mavylin","isPartOf":{"@id":"https:\/\/mavylin.com\/es\/#website"},"primaryImageOfPage":{"@id":"https:\/\/mavylin.com\/mavylin-3d-gloss-hair-ampoules\/#primaryimage"},"image":{"@id":"https:\/\/mavylin.com\/mavylin-3d-gloss-hair-ampoules\/#primaryimage"},"thumbnailUrl":"https:\/\/mavylin.com\/wp-content\/uploads\/2023\/06\/YEBC-1-v2.jpg","datePublished":"2023-06-08T03:21:24+00:00","dateModified":"2023-06-16T17:40:15+00:00","breadcrumb":{"@id":"https:\/\/mavylin.com\/mavylin-3d-gloss-hair-ampoules\/#breadcrumb"},"inLanguage":"es","potentialAction":[{"@type":"ReadAction","target":["https:\/\/mavylin.com\/mavylin-3d-gloss-hair-ampoules\/"]}]},{"@type":"ImageObject","inLanguage":"es","@id":"https:\/\/mavylin.com\/mavylin-3d-gloss-hair-ampoules\/#primaryimage","url":"https:\/\/mavylin.com\/wp-content\/uploads\/2023\/06\/YEBC-1-v2.jpg","contentUrl":"https:\/\/mavylin.com\/wp-content\/uploads\/2023\/06\/YEBC-1-v2.jpg"},{"@type":"BreadcrumbList","@id":"https:\/\/mavylin.com\/mavylin-3d-gloss-hair-ampoules\/#breadcrumb","itemListElement":[{"@type":"ListItem","position":1,"name":"Home","item":"https:\/\/mavylin.com\/"},{"@type":"ListItem","position":2,"name":"3D GLOSS"}]},{"@type":"WebSite","@id":"https:\/\/mavylin.com\/es\/#website","url":"https:\/\/mavylin.com\/es\/","name":"Superior Hair Products | Hair Care | Mavylin","description":"Top-quality hair brand with unique products professionally created to nourish the hair and provide positive, lasting effects.","publisher":{"@id":"https:\/\/mavylin.com\/es\/#organization"},"potentialAction":[{"@type":"SearchAction","target":{"@type":"EntryPoint","urlTemplate":"https:\/\/mavylin.com\/es\/?s={search_term_string}"},"query-input":{"@type":"PropertyValueSpecification","valueRequired":true,"valueName":"search_term_string"}}],"inLanguage":"es"},{"@type":"Organization","@id":"https:\/\/mavylin.com\/es\/#organization","name":"Superior Hair Products | Hair Care | Mavylin","url":"https:\/\/mavylin.com\/es\/","logo":{"@type":"ImageObject","inLanguage":"es","@id":"https:\/\/mavylin.com\/es\/#\/schema\/logo\/image\/","url":"https:\/\/i0.wp.com\/mavylin.com\/wp-content\/uploads\/2023\/05\/Logo-mavylin.png?fit=600%2C490&ssl=1","contentUrl":"https:\/\/i0.wp.com\/mavylin.com\/wp-content\/uploads\/2023\/05\/Logo-mavylin.png?fit=600%2C490&ssl=1","width":600,"height":490,"caption":"Superior Hair Products | Hair Care | Mavylin"},"image":{"@id":"https:\/\/mavylin.com\/es\/#\/schema\/logo\/image\/"}}]}},"jetpack_sharing_enabled":true,"_links":{"self":[{"href":"https:\/\/mavylin.com\/es\/wp-json\/wp\/v2\/pages\/1623","targetHints":{"allow":["GET"]}}],"collection":[{"href":"https:\/\/mavylin.com\/es\/wp-json\/wp\/v2\/pages"}],"about":[{"href":"https:\/\/mavylin.com\/es\/wp-json\/wp\/v2\/types\/page"}],"author":[{"embeddable":true,"href":"https:\/\/mavylin.com\/es\/wp-json\/wp\/v2\/users\/1"}],"replies":[{"embeddable":true,"href":"https:\/\/mavylin.com\/es\/wp-json\/wp\/v2\/comments?post=1623"}],"version-history":[{"count":30,"href":"https:\/\/mavylin.com\/es\/wp-json\/wp\/v2\/pages\/1623\/revisions"}],"predecessor-version":[{"id":1761,"href":"https:\/\/mavylin.com\/es\/wp-json\/wp\/v2\/pages\/1623\/revisions\/1761"}],"wp:attachment":[{"href":"https:\/\/mavylin.com\/es\/wp-json\/wp\/v2\/media?parent=1623"}],"curies":[{"name":"wp","href":"https:\/\/api.w.org\/{rel}","templated":true}]}}